{"id":1188,"date":"2025-04-26T11:46:15","date_gmt":"2025-04-26T11:46:15","guid":{"rendered":"https:\/\/taula.eus\/?page_id=1188"},"modified":"2025-06-09T15:02:26","modified_gmt":"2025-06-09T15:02:26","slug":"la-casa","status":"publish","type":"page","link":"https:\/\/taula.eus\/es\/eszenikoak\/la-casa\/","title":{"rendered":"LA CASA"},"content":{"rendered":"<div class=\"wp-block-uagb-container uagb-block-fe71931f alignfull uagb-is-root-container\"><div class=\"uagb-container-inner-blocks-wrap\">\n<div class=\"wp-block-uagb-advanced-heading uagb-block-92239a8e\"><h1 class=\"uagb-heading-text\">LA CASA<\/h1><\/div>\n\n\n\n<p class=\"has-text-align-center has-ast-global-color-5-color has-text-color has-link-color wp-elements-90e5742cfce84d8360f0f7af7ccaf65c\" style=\"font-size:35px\">tragicomedia actual de los realities en Espa\u00f1a<\/p>\n<\/div><\/div>\n\n\n\n<div class=\"wp-block-uagb-container uagb-block-31ec3615 alignfull uagb-is-root-container\"><div class=\"uagb-container-inner-blocks-wrap\">\n<div class=\"wp-block-uagb-container uagb-block-43436432\">\n<figure class=\"wp-block-image size-large is-resized\"><img loading=\"lazy\" decoding=\"async\" width=\"768\" height=\"1024\" src=\"https:\/\/taula.eus\/wp-content\/uploads\/2025\/04\/CARTEL-con-logos-1-768x1024.png\" alt=\"\" class=\"wp-image-1193\" style=\"width:273px;height:auto\" srcset=\"https:\/\/taula.eus\/wp-content\/uploads\/2025\/04\/CARTEL-con-logos-1-768x1024.png 768w, https:\/\/taula.eus\/wp-content\/uploads\/2025\/04\/CARTEL-con-logos-1-225x300.png 225w, https:\/\/taula.eus\/wp-content\/uploads\/2025\/04\/CARTEL-con-logos-1-1152x1536.png 1152w, https:\/\/taula.eus\/wp-content\/uploads\/2025\/04\/CARTEL-con-logos-1-1536x2048.png 1536w, https:\/\/taula.eus\/wp-content\/uploads\/2025\/04\/CARTEL-con-logos-1-scaled.png 1920w\" sizes=\"auto, (max-width: 768px) 100vw, 768px\" \/><\/figure>\n\n\n\n<div class=\"wp-block-uagb-advanced-heading uagb-block-aba220df\"><h3 class=\"uagb-heading-text\">Ficha art\u00edstica<\/h3><div class=\"uagb-separator\"><\/div><p class=\"uagb-desc-text\"><strong>Texto<\/strong>:\u00a0Itxaso Larrinaga &amp; Leticia Ramos<br><strong>Direcci\u00f3n<\/strong>:\u00a0Markel Ganboa<br><strong>Int\u00e9rpretes <\/strong>:\u00a0Markel Vazquez, Irati Herreros, Gontzal Royuela, Josu Iriarte &amp; Izar Pizarro<br><strong>Luces<\/strong>:\u00a0Juanjo P\u00e9rez<br><strong>Espacio sonoro<\/strong>: Diego A. Collat<br><strong>Vestuario<\/strong>:\u00a0Maite Lopez<br><strong>Producci\u00f3n<\/strong> Taula<br><strong>Colaboraci\u00f3n<\/strong>: Durangoko udala, Andragunea &amp; San Agustin kultur gunea<\/p><\/div>\n<\/div>\n\n\n\n<p>LA CASA es el reality de m\u00e1s audiencia de la televisi\u00f3n espa\u00f1ola. Los concursantes, familias que han sufrido una p\u00e9rdida, se encierran durante semanas a pasar el luto. La temporada anterior la familia F\u00e9lix dej\u00f3 el list\u00f3n bien alto. Esta edici\u00f3n los Alba vendr\u00e1n pisando fuerte. \u00bfEstar\u00e1n a la altura de la competici\u00f3n que les espera? \u00bfSer\u00e1n capaces de enfrentarse entre ellos? \u00bfCu\u00e1nto desean ganar?<br><br>Estaremos en directo con los hermanos Alba las 24 horas y junto al Autor no nos perderemos detalle de su d\u00eda a d\u00eda. Alejandro, Mart\u00edn, Angustias y Magdalena parecen una familia de postal. \u00bfQu\u00e9 oscuros secretos esconden? Encierro, alcohol, reggaeton, antiguos odios, corazones rotos, versos de Lorca y presi\u00f3n medi\u00e1tica\u2026 Poneos c\u00f3modos y coged un chupito que \u00a1esta edici\u00f3n promete!<\/p>\n<\/div><\/div>\n\n\n\n<div class=\"wp-block-uagb-container uagb-block-6706cfa8 alignfull uagb-is-root-container\"><div class=\"uagb-container-inner-blocks-wrap\">\n<div class=\"wp-block-uagb-advanced-heading uagb-block-bc903b0d\"><h3 class=\"uagb-heading-text\">Agenda<\/h3><div class=\"uagb-separator\"><\/div><p class=\"uagb-desc-text\"><strong>Ekainak 6 de junio \u00b7 20:00<br><\/strong>San Agustin kultur gunea (Durango)<br><\/p><\/div>\n<\/div><\/div>\n\n\n\n<div class=\"wp-block-uagb-container uagb-block-999cd3e6 alignfull uagb-is-root-container\"><div class=\"uagb-container-inner-blocks-wrap\">\n<div class=\"wp-block-uagb-advanced-heading uagb-block-1fc64f5c\"><h3 class=\"uagb-heading-text\">Material<\/h3><div class=\"uagb-separator\"><\/div><\/div>\n\n\n\n<div class=\"wp-block-columns is-layout-flex wp-container-core-columns-is-layout-28f84493 wp-block-columns-is-layout-flex\">\n<div class=\"wp-block-column is-layout-flow wp-block-column-is-layout-flow\"><\/div>\n\n\n\n<div class=\"wp-block-column is-layout-flow wp-block-column-is-layout-flow\">\n<div class=\"wp-block-buttons is-content-justification-center is-layout-flex wp-container-core-buttons-is-layout-a89b3969 wp-block-buttons-is-layout-flex\">\n<div class=\"wp-block-button\"><a class=\"wp-block-button__link has-text-align-center wp-element-button\">Dossier<\/a><\/div>\n\n\n\n<div class=\"wp-block-button\"><a class=\"wp-block-button__link wp-element-button\">Teaser<\/a><\/div>\n\n\n\n<div class=\"wp-block-button\"><a class=\"wp-block-button__link wp-element-button\">PROY. PEDAG\u00d3GICO<\/a><\/div>\n\n\n\n<div class=\"wp-block-button\"><a class=\"wp-block-button__link wp-element-button\" href=\"https:\/\/taula.eus\/es\/kontaktua-contacto\/\">Bienvenidos al \"funeral de vuestra vida\". S\u00ed, todos moriremos alguna vez. Hoy tratamos de controlar toda nuestra vida y ni siquiera la muerte escapa a nuestro egocentrismo: queremos dise\u00f1ar la despedida a nuestra medida, que nadie diga nada inadecuado, y tener controlado cualquier menudencia. Porque queremos ser recordados, queremos dejar huella, y al fin y al cabo s\u00f3lo vamos a morir una vez. Entre risas y reflexiones, dos mujeres cuestionan las tradiciones y acaban pregunt\u00e1ndose si estamos demasiado obsesionadas con nuestro patrimonio. Y la gran pregunta queda en el aire: \u00bfc\u00f3mo debe ser el funeral perfecto?<\/a><\/div>\n<\/div>\n<\/div>\n\n\n\n<div class=\"wp-block-column is-layout-flow wp-block-column-is-layout-flow\"><\/div>\n<\/div>\n<\/div><\/div>","protected":false},"excerpt":{"rendered":"<p>LA CASA tragicomedia actual de los realities en Espa\u00f1a Fitxa artistikoa Testua:\u00a0Itxaso Larrinaga &amp; Leticia RamosZuzendaritza:\u00a0Markel GanboaAntzezleak :\u00a0Markel Vazquez, Irati Herreros, Gontzal Royuela, Josu Iriarte &amp; Izar PizarroArgiztapena:\u00a0Juanjo P\u00e9rezSoinu espazioa: Diego A. CollatJantziak:\u00a0Maite LopezEkoizpena: TaulaKolaborazioa: Durangoko udala, Andragunea &amp; San Agustin kultur gunea LA CASA telebista espainiarreko ikus-entzule gehien dituen realitya da. Lehiakideek, galera bat [&hellip;]<\/p>\n","protected":false},"author":1,"featured_media":0,"parent":701,"menu_order":0,"comment_status":"closed","ping_status":"closed","template":"","meta":{"_uag_custom_page_level_css":"","site-sidebar-layout":"no-sidebar","site-content-layout":"plain-container","ast-site-content-layout":"normal-width-container","site-content-style":"unboxed","site-sidebar-style":"unboxed","ast-global-header-display":"","ast-banner-title-visibility":"","ast-main-header-display":"","ast-hfb-above-header-display":"","ast-hfb-below-header-display":"","ast-hfb-mobile-header-display":"","site-post-title":"disabled","ast-breadcrumbs-content":"","ast-featured-img":"","footer-sml-layout":"","ast-disable-related-posts":"","theme-transparent-header-meta":"enabled","adv-header-id-meta":"","stick-header-meta":"","header-above-stick-meta":"","header-main-stick-meta":"","header-below-stick-meta":"","astra-migrate-meta-layouts":"set","ast-page-background-enabled":"default","ast-page-background-meta":{"desktop":{"background-color":"","background-image":"","background-repeat":"repeat","background-position":"center center","background-size":"auto","background-attachment":"scroll","background-type":"","background-media":"","overlay-type":"","overlay-color":"","overlay-opacity":"","overlay-gradient":""},"tablet":{"background-color":"","background-image":"","background-repeat":"repeat","background-position":"center center","background-size":"auto","background-attachment":"scroll","background-type":"","background-media":"","overlay-type":"","overlay-color":"","overlay-opacity":"","overlay-gradient":""},"mobile":{"background-color":"","background-image":"","background-repeat":"repeat","background-position":"center center","background-size":"auto","background-attachment":"scroll","background-type":"","background-media":"","overlay-type":"","overlay-color":"","overlay-opacity":"","overlay-gradient":""}},"ast-content-background-meta":{"desktop":{"background-color":"var(--ast-global-color-5)","background-image":"","background-repeat":"repeat","background-position":"center center","background-size":"auto","background-attachment":"scroll","background-type":"","background-media":"","overlay-type":"","overlay-color":"","overlay-opacity":"","overlay-gradient":""},"tablet":{"background-color":"var(--ast-global-color-5)","background-image":"","background-repeat":"repeat","background-position":"center center","background-size":"auto","background-attachment":"scroll","background-type":"","background-media":"","overlay-type":"","overlay-color":"","overlay-opacity":"","overlay-gradient":""},"mobile":{"background-color":"var(--ast-global-color-5)","background-image":"","background-repeat":"repeat","background-position":"center center","background-size":"auto","background-attachment":"scroll","background-type":"","background-media":"","overlay-type":"","overlay-color":"","overlay-opacity":"","overlay-gradient":""}},"_mc_calendar":[],"footnotes":""},"class_list":["post-1188","page","type-page","status-publish","hentry"],"uagb_featured_image_src":{"full":false,"thumbnail":false,"medium":false,"medium_large":false,"large":false,"1536x1536":false,"2048x2048":false,"trp-custom-language-flag":false},"uagb_author_info":{"display_name":"Markel Ganboa","author_link":"https:\/\/taula.eus\/es\/author\/admin\/"},"uagb_comment_info":0,"uagb_excerpt":"LA CASA tragicomedia actual de los realities en Espa\u00f1a Fitxa artistikoa Testua:\u00a0Itxaso Larrinaga &amp; Leticia RamosZuzendaritza:\u00a0Markel GanboaAntzezleak :\u00a0Markel Vazquez, Irati Herreros, Gontzal Royuela, Josu Iriarte &amp; Izar PizarroArgiztapena:\u00a0Juanjo P\u00e9rezSoinu espazioa: Diego A. CollatJantziak:\u00a0Maite LopezEkoizpena: TaulaKolaborazioa: Durangoko udala, Andragunea &amp; San Agustin kultur gunea LA CASA telebista espainiarreko ikus-entzule gehien dituen realitya da. Lehiakideek, galera bat&hellip;","_links":{"self":[{"href":"https:\/\/taula.eus\/es\/wp-json\/wp\/v2\/pages\/1188","targetHints":{"allow":["GET"]}}],"collection":[{"href":"https:\/\/taula.eus\/es\/wp-json\/wp\/v2\/pages"}],"about":[{"href":"https:\/\/taula.eus\/es\/wp-json\/wp\/v2\/types\/page"}],"author":[{"embeddable":true,"href":"https:\/\/taula.eus\/es\/wp-json\/wp\/v2\/users\/1"}],"replies":[{"embeddable":true,"href":"https:\/\/taula.eus\/es\/wp-json\/wp\/v2\/comments?post=1188"}],"version-history":[{"count":5,"href":"https:\/\/taula.eus\/es\/wp-json\/wp\/v2\/pages\/1188\/revisions"}],"predecessor-version":[{"id":1232,"href":"https:\/\/taula.eus\/es\/wp-json\/wp\/v2\/pages\/1188\/revisions\/1232"}],"up":[{"embeddable":true,"href":"https:\/\/taula.eus\/es\/wp-json\/wp\/v2\/pages\/701"}],"wp:attachment":[{"href":"https:\/\/taula.eus\/es\/wp-json\/wp\/v2\/media?parent=1188"}],"curies":[{"name":"wp","href":"https:\/\/api.w.org\/{rel}","templated":true}]}}