{"id":1474,"date":"2026-05-13T14:25:11","date_gmt":"2026-05-13T14:25:11","guid":{"rendered":"https:\/\/taula.eus\/?page_id=1474"},"modified":"2026-05-13T15:23:59","modified_gmt":"2026-05-13T15:23:59","slug":"kanal-etikoa","status":"publish","type":"page","link":"https:\/\/taula.eus\/es\/kanal-etikoa\/","title":{"rendered":"CANAL \u00c9TICO"},"content":{"rendered":"<p>En Taula trabajamos para crear espacios culturales, laborales y creativos seguros, respetuosos y transparentes. <br><br>Este canal \u00e9tico permite comunicar, de forma confidencial, posibles conductas irregulares, situaciones contrarias a nuestros valores o incumplimientos normativos relacionados con nuestra actividad.<br><br>Todas las comunicaciones ser\u00e1n tratadas con seriedad, imparcialidad y respeto hacia las personas implicadas.<\/p>\n\n\n\n<div class=\"wp-block-uagb-advanced-heading uagb-block-5993e27a\"><h4 class=\"uagb-heading-text\"><br><\/h4><\/div>\n\n\n\n<p><\/p>\n\n\n\n<div class=\"wp-block-columns is-layout-flex wp-container-core-columns-is-layout-28f84493 wp-block-columns-is-layout-flex\">\n<div class=\"wp-block-column is-layout-flow wp-block-column-is-layout-flow\">\n<h4 class=\"wp-block-heading\">\u00bfQu\u00e9 puedes comunicar a trav\u00e9s de este canal?<br><\/h4>\n\n\n\n<p>Este canal est\u00e1 destinado a comunicar situaciones como:<br><br>- Acoso laboral o sexual<br>- Discriminaci\u00f3n o trato desigual<br>- Conductas contrarias al c\u00f3digo \u00e9tico<br>- Irregularidades econ\u00f3micas o administrativas<br>- Incumplimientos legales o normativos<br>- Situaciones que puedan afectar a la seguridad o integridad de las personas<br>- Uso inadecuado de recursos o abuso de poder<\/p>\n<\/div>\n\n\n\n<div class=\"wp-block-column is-layout-flow wp-block-column-is-layout-flow\">\n<h4 class=\"wp-block-heading\">\u00bfQu\u00e9 no debe comunicarse aqu\u00ed?<br><\/h4>\n\n\n\n<p>Este canal no est\u00e1 destinado a:<br><br>- Consultas comerciales<br>- Solicitudes de informaci\u00f3n<br>- Incidencias t\u00e9cnicas de la web<br>- Reclamaciones de clientes relacionadas con servicios<br><br>Para estas cuestiones puedes contactar con nosotros a trav\u00e9s de los canales habituales de comunicaci\u00f3n.<\/p>\n<\/div>\n<\/div>\n\n\n\n<div class=\"wp-block-uagb-advanced-heading uagb-block-dfeafa6b\"><h4 class=\"uagb-heading-text\">Confidencialidad y protecci\u00f3n<br><\/h4><\/div>\n\n\n\n<p>Taula garantiza:<br><br>- La confidencialidad de las comunicaciones recibidas<br>- La protecci\u00f3n de la identidad de la persona informante<br>- La ausencia de represalias frente a comunicaciones realizadas de buena fe<br>- Una gesti\u00f3n imparcial y responsable del proceso<br><br>Las comunicaciones podr\u00e1n realizarse de forma identificada o an\u00f3nima.<br><br>El acceso a la informaci\u00f3n estar\u00e1 limitado \u00fanicamente a las personas autorizadas para la gesti\u00f3n del canal \u00e9tico.<\/p>\n\n\n\n<div class=\"wp-block-uagb-advanced-heading uagb-block-94192e14\"><h4 class=\"uagb-heading-text\">\u00bfQu\u00e9 ocurre despu\u00e9s de enviar una comunicaci\u00f3n?<br><\/h4><\/div>\n\n\n\n<p>Jakinarazpena jaso ondoren:<br><br>1. Se realizar\u00e1 una evaluaci\u00f3n inicial del caso.<br>2. Se analizar\u00e1 la informaci\u00f3n aportada.<br>3. Se adoptar\u00e1n las medidas oportunas cuando corresponda.<br>4. La informaci\u00f3n ser\u00e1 tratada de forma confidencial durante todo el proceso.<br><br>Cuando sea posible y proceda, se informar\u00e1 sobre el estado de la gesti\u00f3n dentro de los plazos establecidos.<\/p>\n\n\n\n<div class=\"wp-block-uagb-advanced-heading uagb-block-f0adabde\"><h4 class=\"uagb-heading-text\">Uso responsable del canal<br><\/h4><\/div>\n\n\n\n<p>Este canal debe utilizarse de forma responsable y de buena fe.<br><br>Las comunicaciones deber\u00e1n basarse en hechos o indicios razonables. El uso indebido del canal o la presentaci\u00f3n deliberada de informaci\u00f3n falsa podr\u00e1 dar lugar a las medidas correspondientes.<\/p>\n\n\n\n<div class=\"wp-block-uagb-advanced-heading uagb-block-c018b834\"><h4 class=\"uagb-heading-text\">Protecci\u00f3n de datos<br><\/h4><\/div>\n\n\n\n<p>Los datos personales tratados a trav\u00e9s de este canal ser\u00e1n gestionados conforme a la normativa vigente en materia de protecci\u00f3n de datos y de acuerdo con la Ley 2\/2023, reguladora de la protecci\u00f3n de las personas que informen sobre infracciones normativas y de lucha contra la corrupci\u00f3n.<br><br>Puedes consultar nuestra Pol\u00edtica de Privacidad para m\u00e1s informaci\u00f3n sobre el tratamiento de datos personales.<\/p>\n\n\n\n<h4 class=\"wp-block-heading\">Formulario de comunicaci\u00f3n<br><\/h4>\n\n\n\n<p>Utiliza el siguiente formulario para enviar tu comunicaci\u00f3n de manera confidencial.<\/p>\n\n\n\n<iframe loading=\"lazy\"\n  width=\"100%\"\n  height=\"600\"\n  frameborder=\"0\"\n  src=\"https:\/\/erabili.liberaforms.org\/embed\/kanal-etikoa\">\n<\/iframe>\n\n\n\n<p><\/p>","protected":false},"excerpt":{"rendered":"<p>Taulan, kultura, lan eta sormen-espazio seguruak, errespetuzkoak eta gardenak sortzeko lan egiten dugu. Kanal etiko honi esker, modu konfidentzialean jakinaraz daitezke jokabide irregularrak, gure balioen aurkako egoerak edo gure jarduerarekin lotutako arauhausteak. Komunikazio guztiak seriotasunez, inpartzialtasunez eta inplikatutako pertsonekiko errespetuz tratatuko dira. Zer komunikatu dezakezu kanal honetan? Kanal honek egoera hauek komunikatzen ditu: &#8211; Laneko [&hellip;]<\/p>\n","protected":false},"author":1,"featured_media":0,"parent":0,"menu_order":0,"comment_status":"closed","ping_status":"closed","template":"","meta":{"_uag_custom_page_level_css":"","site-sidebar-layout":"default","site-content-layout":"","ast-site-content-layout":"default","site-content-style":"default","site-sidebar-style":"default","ast-global-header-display":"","ast-banner-title-visibility":"","ast-main-header-display":"","ast-hfb-above-header-display":"","ast-hfb-below-header-display":"","ast-hfb-mobile-header-display":"","site-post-title":"disabled","ast-breadcrumbs-content":"","ast-featured-img":"","footer-sml-layout":"","ast-disable-related-posts":"","theme-transparent-header-meta":"","adv-header-id-meta":"","stick-header-meta":"","header-above-stick-meta":"","header-main-stick-meta":"","header-below-stick-meta":"","astra-migrate-meta-layouts":"set","ast-page-background-enabled":"default","ast-page-background-meta":{"desktop":{"background-color":"","background-image":"","background-repeat":"repeat","background-position":"center center","background-size":"auto","background-attachment":"scroll","background-type":"","background-media":"","overlay-type":"","overlay-color":"","overlay-opacity":"","overlay-gradient":""},"tablet":{"background-color":"","background-image":"","background-repeat":"repeat","background-position":"center center","background-size":"auto","background-attachment":"scroll","background-type":"","background-media":"","overlay-type":"","overlay-color":"","overlay-opacity":"","overlay-gradient":""},"mobile":{"background-color":"","background-image":"","background-repeat":"repeat","background-position":"center center","background-size":"auto","background-attachment":"scroll","background-type":"","background-media":"","overlay-type":"","overlay-color":"","overlay-opacity":"","overlay-gradient":""}},"ast-content-background-meta":{"desktop":{"background-color":"var(--ast-global-color-5)","background-image":"","background-repeat":"repeat","background-position":"center center","background-size":"auto","background-attachment":"scroll","background-type":"","background-media":"","overlay-type":"","overlay-color":"","overlay-opacity":"","overlay-gradient":""},"tablet":{"background-color":"var(--ast-global-color-5)","background-image":"","background-repeat":"repeat","background-position":"center center","background-size":"auto","background-attachment":"scroll","background-type":"","background-media":"","overlay-type":"","overlay-color":"","overlay-opacity":"","overlay-gradient":""},"mobile":{"background-color":"var(--ast-global-color-5)","background-image":"","background-repeat":"repeat","background-position":"center center","background-size":"auto","background-attachment":"scroll","background-type":"","background-media":"","overlay-type":"","overlay-color":"","overlay-opacity":"","overlay-gradient":""}},"_mc_calendar":[],"footnotes":""},"class_list":["post-1474","page","type-page","status-publish","hentry"],"uagb_featured_image_src":{"full":false,"thumbnail":false,"medium":false,"medium_large":false,"large":false,"1536x1536":false,"2048x2048":false,"trp-custom-language-flag":false},"uagb_author_info":{"display_name":"Markel Ganboa","author_link":"https:\/\/taula.eus\/es\/author\/admin\/"},"uagb_comment_info":0,"uagb_excerpt":"Taulan, kultura, lan eta sormen-espazio seguruak, errespetuzkoak eta gardenak sortzeko lan egiten dugu. Kanal etiko honi esker, modu konfidentzialean jakinaraz daitezke jokabide irregularrak, gure balioen aurkako egoerak edo gure jarduerarekin lotutako arauhausteak. Komunikazio guztiak seriotasunez, inpartzialtasunez eta inplikatutako pertsonekiko errespetuz tratatuko dira. Zer komunikatu dezakezu kanal honetan? Kanal honek egoera hauek komunikatzen ditu: &#8211; Laneko&hellip;","_links":{"self":[{"href":"https:\/\/taula.eus\/es\/wp-json\/wp\/v2\/pages\/1474","targetHints":{"allow":["GET"]}}],"collection":[{"href":"https:\/\/taula.eus\/es\/wp-json\/wp\/v2\/pages"}],"about":[{"href":"https:\/\/taula.eus\/es\/wp-json\/wp\/v2\/types\/page"}],"author":[{"embeddable":true,"href":"https:\/\/taula.eus\/es\/wp-json\/wp\/v2\/users\/1"}],"replies":[{"embeddable":true,"href":"https:\/\/taula.eus\/es\/wp-json\/wp\/v2\/comments?post=1474"}],"version-history":[{"count":7,"href":"https:\/\/taula.eus\/es\/wp-json\/wp\/v2\/pages\/1474\/revisions"}],"predecessor-version":[{"id":1492,"href":"https:\/\/taula.eus\/es\/wp-json\/wp\/v2\/pages\/1474\/revisions\/1492"}],"wp:attachment":[{"href":"https:\/\/taula.eus\/es\/wp-json\/wp\/v2\/media?parent=1474"}],"curies":[{"name":"wp","href":"https:\/\/api.w.org\/{rel}","templated":true}]}}