{"id":662,"date":"2020-09-15T06:48:29","date_gmt":"2020-09-15T06:48:29","guid":{"rendered":"https:\/\/taula.eus\/about\/"},"modified":"2025-12-10T18:25:28","modified_gmt":"2025-12-10T18:25:28","slug":"taula","status":"publish","type":"page","link":"https:\/\/taula.eus\/es\/taula\/","title":{"rendered":"TAULA"},"content":{"rendered":"<div class=\"wp-block-uagb-container uagb-block-04545503 alignfull uagb-is-root-container\"><div class=\"uagb-container__video-wrap\"><video autoplay loop muted playsinline><source src=\"https:\/\/taula.eus\/wp-content\/uploads\/2024\/04\/137257-766326197.mp4\" type=\"video\/mp4\"\/><\/video><\/div><div class=\"uagb-container-inner-blocks-wrap\">\n<div class=\"wp-block-uagb-advanced-heading uagb-block-58d792da\"><h1 class=\"uagb-heading-text\">TAULA<\/h1><\/div>\n<\/div><\/div>\n\n\n\n<div class=\"wp-block-uagb-container uagb-block-c07c1ca2 alignfull uagb-is-root-container\"><div class=\"uagb-container-inner-blocks-wrap\">\n<div class=\"wp-block-uagb-container uagb-block-56ceaf47\">\n<p>Fundada por Diego, Maite y Markel, Taula ha surgido de una colaboraci\u00f3n estrecha y de una pasi\u00f3n compartida. A lo largo del tiempo, este tri\u00e1ngulo se ha fortalecido hasta convertirse en la empresa que somos hoy en d\u00eda. El nombre \u00abTaula\u00bb refleja nuestra dedicaci\u00f3n y amor por el trabajo bien hecho. Nos gusta trabajar sobre las tablas, crear conexiones art\u00edsticas y llevar a cabo producciones excepcionales.<\/p>\n<\/div>\n\n\n\n<div class=\"wp-block-uagb-container uagb-block-3864985c\">\n<div class=\"wp-block-uagb-image uagb-block-c2362fda wp-block-uagb-image--layout-default wp-block-uagb-image--effect-static wp-block-uagb-image--align-none\"><figure class=\"wp-block-uagb-image__figure\"><img decoding=\"async\" srcset=\"https:\/\/taula.eus\/wp-content\/uploads\/2024\/12\/1-ac2a4281-scaled-e1733849062283-1024x843.jpg ,https:\/\/taula.eus\/wp-content\/uploads\/2024\/12\/1-ac2a4281-scaled-e1733849062283.jpg 780w, https:\/\/taula.eus\/wp-content\/uploads\/2024\/12\/1-ac2a4281-scaled-e1733849062283.jpg 360w\" sizes=\"auto, (max-width: 480px) 150px\" src=\"https:\/\/taula.eus\/wp-content\/uploads\/2024\/12\/1-ac2a4281-scaled-e1733849062283-1024x843.jpg\" alt=\"\" class=\"uag-image-1106\" width=\"1024\" height=\"843\" title=\"1-ac2a4281\" loading=\"lazy\" role=\"img\"\/><\/figure><\/div>\n<\/div>\n<\/div><\/div>\n\n\n\n<div class=\"wp-block-uagb-separator uagb-block-edcbaf46\"><div class=\"wp-block-uagb-separator__inner\" style=\"--my-background-image:\"><\/div><\/div>\n\n\n\n<div class=\"wp-block-uagb-container uagb-block-19eefcc4 alignfull uagb-is-root-container\"><div class=\"uagb-container-inner-blocks-wrap\">\n<div class=\"wp-block-columns alignwide is-layout-flex wp-container-core-columns-is-layout-d2da2050 wp-block-columns-is-layout-flex\" style=\"margin-bottom:0\">\n<div class=\"wp-block-column has-text-color has-background has-link-color wp-elements-21ac286b71d3fbb8f8ca6d7137bd0f84 is-layout-flow wp-block-column-is-layout-flow\" style=\"color:#000000;background-color:#3b99ba;padding-top:2em;padding-right:2em;padding-bottom:2em;padding-left:2em\">\n<figure class=\"wp-block-image aligncenter size-large is-resized\"><img loading=\"lazy\" decoding=\"async\" width=\"1024\" height=\"1024\" src=\"https:\/\/taula.eus\/wp-content\/uploads\/2025\/01\/Diego-2-1-1024x1024.png\" alt=\"\" class=\"wp-image-1127\" style=\"width:216px;height:auto\" srcset=\"https:\/\/taula.eus\/wp-content\/uploads\/2025\/01\/Diego-2-1-1024x1024.png 1024w, https:\/\/taula.eus\/wp-content\/uploads\/2025\/01\/Diego-2-1-300x300.png 300w, https:\/\/taula.eus\/wp-content\/uploads\/2025\/01\/Diego-2-1-150x150.png 150w, https:\/\/taula.eus\/wp-content\/uploads\/2025\/01\/Diego-2-1-768x768.png 768w, https:\/\/taula.eus\/wp-content\/uploads\/2025\/01\/Diego-2-1.png 1080w\" sizes=\"auto, (max-width: 1024px) 100vw, 1024px\" \/><\/figure>\n\n\n\n<h2 class=\"wp-block-heading\" id=\"single\" style=\"font-size:40px\"><strong>diego a.<\/strong><br>collat<\/h2>\n\n\n\n<p class=\"translation-block\"><strong>Responsable de proyectos audiovisuales<\/strong><\/p>\n\n\n\n<hr class=\"wp-block-separator has-css-opacity is-style-wide\"\/>\n\n\n\n<ul class=\"wp-block-social-links is-content-justification-center is-layout-flex wp-container-core-social-links-is-layout-a89b3969 wp-block-social-links-is-layout-flex\"><li class=\"wp-social-link wp-social-link-mail  wp-block-social-link\"><a href=\"mailto:diego@taula.eus\" class=\"wp-block-social-link-anchor\"><svg width=\"24\" height=\"24\" viewbox=\"0 0 24 24\" version=\"1.1\" xmlns=\"http:\/\/www.w3.org\/2000\/svg\" aria-hidden=\"true\" focusable=\"false\"><path d=\"M19,5H5c-1.1,0-2,.9-2,2v10c0,1.1.9,2,2,2h14c1.1,0,2-.9,2-2V7c0-1.1-.9-2-2-2zm.5,12c0,.3-.2.5-.5.5H5c-.3,0-.5-.2-.5-.5V9.8l7.5,5.6,7.5-5.6V17zm0-9.1L12,13.6,4.5,7.9V7c0-.3.2-.5.5-.5h14c.3,0,.5.2.5.5v.9z\"><\/path><\/svg><span class=\"wp-block-social-link-label screen-reader-text\">Correo electr\u00f3nico<\/span><\/a><\/li><\/ul>\n<\/div>\n\n\n\n<div class=\"wp-block-column has-text-color has-background has-link-color wp-elements-ad6b440ccdfdddb5f1debab32ec6fd18 is-layout-flow wp-block-column-is-layout-flow\" style=\"color:#000000;background-color:#f6a700;padding-top:2em;padding-right:2em;padding-bottom:2em;padding-left:2em\">\n<figure class=\"wp-block-image aligncenter size-large is-resized\"><a href=\"https:\/\/taula.eus\/es\/maite\/\"><img loading=\"lazy\" decoding=\"async\" width=\"1024\" height=\"1024\" src=\"https:\/\/taula.eus\/wp-content\/uploads\/2024\/12\/Maite-1-1024x1024.png\" alt=\"\" class=\"wp-image-1117\" style=\"width:216px;height:auto\" srcset=\"https:\/\/taula.eus\/wp-content\/uploads\/2024\/12\/Maite-1-1024x1024.png 1024w, https:\/\/taula.eus\/wp-content\/uploads\/2024\/12\/Maite-1-300x300.png 300w, https:\/\/taula.eus\/wp-content\/uploads\/2024\/12\/Maite-1-150x150.png 150w, https:\/\/taula.eus\/wp-content\/uploads\/2024\/12\/Maite-1-768x768.png 768w, https:\/\/taula.eus\/wp-content\/uploads\/2024\/12\/Maite-1.png 1080w\" sizes=\"auto, (max-width: 1024px) 100vw, 1024px\" \/><\/a><\/figure>\n\n\n\n<h2 class=\"wp-block-heading\" id=\"family\" style=\"font-size:40px\"><a href=\"https:\/\/taula.eus\/es\/maite\/\">maite<br><strong>l\u00f3pez<\/strong><\/a><\/h2>\n\n\n\n<p class=\"translation-block\"><strong>Responsable de proyectos de eventos y tiempo libre<\/strong><\/p>\n\n\n\n<hr class=\"wp-block-separator has-css-opacity is-style-wide\"\/>\n\n\n\n<ul class=\"wp-block-social-links is-content-justification-center is-layout-flex wp-container-core-social-links-is-layout-a89b3969 wp-block-social-links-is-layout-flex\"><li class=\"wp-social-link wp-social-link-mail  wp-block-social-link\"><a href=\"mailto:maite@taula.eus\" class=\"wp-block-social-link-anchor\"><svg width=\"24\" height=\"24\" viewbox=\"0 0 24 24\" version=\"1.1\" xmlns=\"http:\/\/www.w3.org\/2000\/svg\" aria-hidden=\"true\" focusable=\"false\"><path d=\"M19,5H5c-1.1,0-2,.9-2,2v10c0,1.1.9,2,2,2h14c1.1,0,2-.9,2-2V7c0-1.1-.9-2-2-2zm.5,12c0,.3-.2.5-.5.5H5c-.3,0-.5-.2-.5-.5V9.8l7.5,5.6,7.5-5.6V17zm0-9.1L12,13.6,4.5,7.9V7c0-.3.2-.5.5-.5h14c.3,0,.5.2.5.5v.9z\"><\/path><\/svg><span class=\"wp-block-social-link-label screen-reader-text\">Correo electr\u00f3nico<\/span><\/a><\/li><\/ul>\n<\/div>\n\n\n\n<div class=\"wp-block-column has-text-color has-background has-link-color wp-elements-4ea33094e9f6ad7fe7d02fc42a297640 is-layout-flow wp-block-column-is-layout-flow\" style=\"color:#000000;background-color:#db3759;padding-top:2em;padding-right:2em;padding-bottom:2em;padding-left:2em\">\n<figure class=\"wp-block-image aligncenter size-large is-resized\"><img loading=\"lazy\" decoding=\"async\" width=\"1024\" height=\"1024\" src=\"https:\/\/taula.eus\/wp-content\/uploads\/2024\/12\/Markel-1-1024x1024.png\" alt=\"\" class=\"wp-image-1118\" style=\"width:216px;height:auto\" srcset=\"https:\/\/taula.eus\/wp-content\/uploads\/2024\/12\/Markel-1-1024x1024.png 1024w, https:\/\/taula.eus\/wp-content\/uploads\/2024\/12\/Markel-1-300x300.png 300w, https:\/\/taula.eus\/wp-content\/uploads\/2024\/12\/Markel-1-150x150.png 150w, https:\/\/taula.eus\/wp-content\/uploads\/2024\/12\/Markel-1-768x768.png 768w, https:\/\/taula.eus\/wp-content\/uploads\/2024\/12\/Markel-1.png 1080w\" sizes=\"auto, (max-width: 1024px) 100vw, 1024px\" \/><\/figure>\n\n\n\n<div class=\"wp-block-group is-nowrap is-layout-flex wp-container-core-group-is-layout-6c531013 wp-block-group-is-layout-flex\">\n<h2 class=\"wp-block-heading\" id=\"patron\" style=\"font-size:40px\"><strong>markel<\/strong><br>ganboa<\/h2>\n<\/div>\n\n\n\n<p class=\"translation-block\"><strong>Responsable de proyectos esc\u00e9nicos<\/strong><\/p>\n\n\n\n<hr class=\"wp-block-separator has-css-opacity is-style-wide\"\/>\n\n\n\n<ul class=\"wp-block-social-links is-content-justification-center is-layout-flex wp-container-core-social-links-is-layout-a89b3969 wp-block-social-links-is-layout-flex\"><li class=\"wp-social-link wp-social-link-mail  wp-block-social-link\"><a href=\"mailto:markel@taula.eus\" class=\"wp-block-social-link-anchor\"><svg width=\"24\" height=\"24\" viewbox=\"0 0 24 24\" version=\"1.1\" xmlns=\"http:\/\/www.w3.org\/2000\/svg\" aria-hidden=\"true\" focusable=\"false\"><path d=\"M19,5H5c-1.1,0-2,.9-2,2v10c0,1.1.9,2,2,2h14c1.1,0,2-.9,2-2V7c0-1.1-.9-2-2-2zm.5,12c0,.3-.2.5-.5.5H5c-.3,0-.5-.2-.5-.5V9.8l7.5,5.6,7.5-5.6V17zm0-9.1L12,13.6,4.5,7.9V7c0-.3.2-.5.5-.5h14c.3,0,.5.2.5.5v.9z\"><\/path><\/svg><span class=\"wp-block-social-link-label screen-reader-text\">Correo electr\u00f3nico<\/span><\/a><\/li><\/ul>\n<\/div>\n<\/div>\n<\/div><\/div>\n\n\n\n<div class=\"wp-block-uagb-separator uagb-block-9671cbab\"><div class=\"wp-block-uagb-separator__inner\" style=\"--my-background-image:\"><\/div><\/div>\n\n\n\n<p><\/p>","protected":false},"excerpt":{"rendered":"<p>TAULA Diego, Maite eta Markelek sortua, Taula lankidetza estu batetik eta pasio partekatu batetik sortu da. Denboran zehar, triangelu hori indartu egin da, gaur egun garen enpresa bihurtu arte. \u00abTaula\u00bb izenak ondo egindako lanarekiko dugun dedikazioa eta maitasuna islatzen ditu. Taulen gainean lan egitea, konexio artistikoak sortzea eta ekoizpen apartak egitea gustatzen zaigu. diego a.collat [&hellip;]<\/p>\n","protected":false},"author":1,"featured_media":0,"parent":0,"menu_order":0,"comment_status":"closed","ping_status":"closed","template":"","meta":{"_uag_custom_page_level_css":"","site-sidebar-layout":"no-sidebar","site-content-layout":"plain-container","ast-site-content-layout":"normal-width-container","site-content-style":"unboxed","site-sidebar-style":"unboxed","ast-global-header-display":"","ast-banner-title-visibility":"","ast-main-header-display":"","ast-hfb-above-header-display":"","ast-hfb-below-header-display":"","ast-hfb-mobile-header-display":"","site-post-title":"disabled","ast-breadcrumbs-content":"","ast-featured-img":"disabled","footer-sml-layout":"","ast-disable-related-posts":"","theme-transparent-header-meta":"enabled","adv-header-id-meta":"","stick-header-meta":"","header-above-stick-meta":"","header-main-stick-meta":"","header-below-stick-meta":"","astra-migrate-meta-layouts":"set","ast-page-background-enabled":"default","ast-page-background-meta":{"desktop":{"background-color":"","background-image":"","background-repeat":"repeat","background-position":"center center","background-size":"auto","background-attachment":"scroll","background-type":"","background-media":"","overlay-type":"","overlay-color":"","overlay-opacity":"","overlay-gradient":""},"tablet":{"background-color":"","background-image":"","background-repeat":"repeat","background-position":"center center","background-size":"auto","background-attachment":"scroll","background-type":"","background-media":"","overlay-type":"","overlay-color":"","overlay-opacity":"","overlay-gradient":""},"mobile":{"background-color":"","background-image":"","background-repeat":"repeat","background-position":"center center","background-size":"auto","background-attachment":"scroll","background-type":"","background-media":"","overlay-type":"","overlay-color":"","overlay-opacity":"","overlay-gradient":""}},"ast-content-background-meta":{"desktop":{"background-color":"var(--ast-global-color-5)","background-image":"","background-repeat":"repeat","background-position":"center center","background-size":"auto","background-attachment":"scroll","background-type":"","background-media":"","overlay-type":"","overlay-color":"","overlay-opacity":"","overlay-gradient":""},"tablet":{"background-color":"var(--ast-global-color-5)","background-image":"","background-repeat":"repeat","background-position":"center center","background-size":"auto","background-attachment":"scroll","background-type":"","background-media":"","overlay-type":"","overlay-color":"","overlay-opacity":"","overlay-gradient":""},"mobile":{"background-color":"var(--ast-global-color-5)","background-image":"","background-repeat":"repeat","background-position":"center center","background-size":"auto","background-attachment":"scroll","background-type":"","background-media":"","overlay-type":"","overlay-color":"","overlay-opacity":"","overlay-gradient":""}},"_mc_calendar":[],"footnotes":""},"class_list":["post-662","page","type-page","status-publish","hentry"],"uagb_featured_image_src":{"full":false,"thumbnail":false,"medium":false,"medium_large":false,"large":false,"1536x1536":false,"2048x2048":false,"trp-custom-language-flag":false},"uagb_author_info":{"display_name":"Markel Ganboa","author_link":"https:\/\/taula.eus\/es\/author\/admin\/"},"uagb_comment_info":0,"uagb_excerpt":"TAULA Diego, Maite eta Markelek sortua, Taula lankidetza estu batetik eta pasio partekatu batetik sortu da. Denboran zehar, triangelu hori indartu egin da, gaur egun garen enpresa bihurtu arte. \u00abTaula\u00bb izenak ondo egindako lanarekiko dugun dedikazioa eta maitasuna islatzen ditu. Taulen gainean lan egitea, konexio artistikoak sortzea eta ekoizpen apartak egitea gustatzen zaigu. diego a.collat&hellip;","_links":{"self":[{"href":"https:\/\/taula.eus\/es\/wp-json\/wp\/v2\/pages\/662","targetHints":{"allow":["GET"]}}],"collection":[{"href":"https:\/\/taula.eus\/es\/wp-json\/wp\/v2\/pages"}],"about":[{"href":"https:\/\/taula.eus\/es\/wp-json\/wp\/v2\/types\/page"}],"author":[{"embeddable":true,"href":"https:\/\/taula.eus\/es\/wp-json\/wp\/v2\/users\/1"}],"replies":[{"embeddable":true,"href":"https:\/\/taula.eus\/es\/wp-json\/wp\/v2\/comments?post=662"}],"version-history":[{"count":25,"href":"https:\/\/taula.eus\/es\/wp-json\/wp\/v2\/pages\/662\/revisions"}],"predecessor-version":[{"id":1454,"href":"https:\/\/taula.eus\/es\/wp-json\/wp\/v2\/pages\/662\/revisions\/1454"}],"wp:attachment":[{"href":"https:\/\/taula.eus\/es\/wp-json\/wp\/v2\/media?parent=662"}],"curies":[{"name":"wp","href":"https:\/\/api.w.org\/{rel}","templated":true}]}}