{"id":701,"date":"2024-02-26T17:43:02","date_gmt":"2024-02-26T17:43:02","guid":{"rendered":"https:\/\/taula.eus\/?page_id=701"},"modified":"2025-07-01T11:32:01","modified_gmt":"2025-07-01T11:32:01","slug":"eszenikoak","status":"publish","type":"page","link":"https:\/\/taula.eus\/es\/eszenikoak\/","title":{"rendered":"ARTES ESC\u00c9NICAS"},"content":{"rendered":"<div class=\"wp-block-uagb-container uagb-block-80f8b66e alignfull uagb-is-root-container\"><div class=\"uagb-container__video-wrap\"><video autoplay loop muted playsinline><source src=\"https:\/\/taula.eus\/wp-content\/uploads\/2024\/02\/curtains_-_320-Original.mp4\" type=\"video\/mp4\"\/><\/video><\/div><div class=\"uagb-container-inner-blocks-wrap\">\n<div class=\"wp-block-uagb-container uagb-block-cfc61b01\">\n<h1 class=\"wp-block-heading has-text-align-center has-text-color has-link-color wp-elements-a2bf5daf3d465afced3f77c2da5a92e6\" style=\"color:#db3759\">ARTES ESC\u00c9NICAS<\/h1>\n<\/div>\n<\/div><\/div>\n\n\n\n<div class=\"wp-block-uagb-container uagb-block-0127aa57 alignfull uagb-is-root-container\"><div class=\"uagb-container-inner-blocks-wrap\">\n<div class=\"wp-block-columns is-layout-flex wp-container-core-columns-is-layout-28f84493 wp-block-columns-is-layout-flex\">\n<div class=\"wp-block-column is-layout-flow wp-block-column-is-layout-flow\">\n<div class=\"wp-block-uagb-advanced-heading uagb-block-ed3416f6\"><h2 class=\"uagb-heading-text\">\u00bfQU\u00c9 HACEMOS?<\/h2><div class=\"uagb-separator\"><\/div><\/div>\n\n\n\n<p class=\"has-ast-global-color-3-color has-text-color has-link-color wp-elements-c933a39aa8b757ac4f516c2dd5ec983a\">Creamos y producimos proyectos esc\u00e9nicos excepcionales. Desde la planificaci\u00f3n hasta la ejecuci\u00f3n, nuestro equipo altamente capacitado se encarga de cada detalle. Adem\u00e1s, nos encargamos de la gesti\u00f3n administrativa, desde permisos hasta subvenciones. D\u00e9janos ser tu socio confiable en el mundo esc\u00e9nico.<\/p>\n<\/div>\n<\/div>\n<\/div><\/div>\n\n\n\n<div class=\"wp-block-columns alignwide is-layout-flex wp-container-core-columns-is-layout-d2da2050 wp-block-columns-is-layout-flex\" style=\"margin-bottom:0\">\n<div class=\"wp-block-column has-text-color has-background has-link-color wp-elements-fe08b217e769c1c16d8d83d8ae74ab17 is-layout-flow wp-block-column-is-layout-flow\" style=\"color:#000000;background-color:#db3759;padding-top:2em;padding-right:2em;padding-bottom:2em;padding-left:2em\">\n<h6 class=\"wp-block-heading\" id=\"single\" style=\"font-size:25px;text-transform:uppercase\"><strong>GESTI\u00d3N<\/strong><\/h6>\n\n\n\n<p class=\"has-normal-font-size\" style=\"line-height:1.5\"><strong>Nosotros gestionaremos tu idea.<\/strong>.<\/p>\n\n\n\n<div class=\"wp-block-buttons alignfull is-horizontal is-content-justification-center is-layout-flex wp-container-core-buttons-is-layout-03627597 wp-block-buttons-is-layout-flex\">\n<div class=\"wp-block-button\"><a class=\"wp-block-button__link has-background wp-element-button\" href=\"https:\/\/taula.eus\/es\/kontaktua-contacto\/\" style=\"background-color:#99232f\">+ INFO<\/a><\/div>\n<\/div>\n<\/div>\n\n\n\n<div class=\"wp-block-column has-text-color has-background has-link-color wp-elements-f6a61874c77a50b50d28e413fda2e4dd is-layout-flow wp-block-column-is-layout-flow\" style=\"color:#000000;background-color:#db3759;padding-top:2em;padding-right:2em;padding-bottom:2em;padding-left:2em\">\n<h6 class=\"wp-block-heading\" id=\"family\" style=\"font-size:25px\"><strong>PRODUCCI\u00d3N<\/strong><\/h6>\n\n\n\n<p class=\"has-normal-font-size\" style=\"line-height:1.5\"><strong><strong>Somos tu equipo.<\/strong><\/strong><\/p>\n\n\n\n<div class=\"wp-block-buttons alignfull is-horizontal is-content-justification-center is-layout-flex wp-container-core-buttons-is-layout-03627597 wp-block-buttons-is-layout-flex\">\n<div class=\"wp-block-button\"><a class=\"wp-block-button__link has-background wp-element-button\" href=\"https:\/\/taula.eus\/es\/kontaktua\/\" style=\"background-color:#99232f\">+ INFO<\/a><\/div>\n<\/div>\n<\/div>\n\n\n\n<div class=\"wp-block-column has-text-color has-background has-link-color wp-elements-ad2503957be3fe08e60970ce9bc339dc is-layout-flow wp-block-column-is-layout-flow\" style=\"color:#000000;background-color:#db3759;padding-top:2em;padding-right:2em;padding-bottom:2em;padding-left:2em\">\n<h6 class=\"wp-block-heading\" id=\"patron\" style=\"font-size:25px\"><strong>ADMINISTRACI\u00d3N<\/strong><\/h6>\n\n\n\n<p class=\"has-normal-font-size\"><strong><strong>Nosotros hacemos todo tu papeleo.<\/strong>.<\/strong><\/p>\n\n\n\n<div class=\"wp-block-buttons alignfull is-horizontal is-content-justification-center is-layout-flex wp-container-core-buttons-is-layout-03627597 wp-block-buttons-is-layout-flex\">\n<div class=\"wp-block-button is-style-fill\"><a class=\"wp-block-button__link has-background wp-element-button\" href=\"https:\/\/taula.eus\/es\/kontaktua\/\" style=\"background-color:#99232f\">+ INFO<\/a><\/div>\n<\/div>\n<\/div>\n<\/div>\n\n\n\n<div class=\"wp-block-uagb-container uagb-block-4e5b41fa alignfull uagb-is-root-container\"><div class=\"uagb-container-inner-blocks-wrap\">\n<div class=\"wp-block-uagb-advanced-heading uagb-block-be7e4291\"><h2 class=\"uagb-heading-text\">NUESTROS TRABAJOS<\/h2><div class=\"uagb-separator\"><\/div><\/div>\n\n\n\n<div class=\"wp-block-group is-layout-constrained wp-block-group-is-layout-constrained\">\n<div class=\"wp-block-columns is-layout-flex wp-container-core-columns-is-layout-28f84493 wp-block-columns-is-layout-flex\">\n<div class=\"wp-block-column is-layout-flow wp-block-column-is-layout-flow\" style=\"flex-basis:100%\">\n<div class=\"wp-block-uagb-container uagb-block-0c24c3bb\">\n<div class=\"wp-block-uagb-info-box uagb-block-2935a13f uagb-infobox__content-wrap  uagb-infobox_cta-type-all uagb-infobox-icon-above-title uagb-infobox-image-valign-top\"><a href=\"https:\/\/taula.eus\/es\/la-casa\/\" class=\"uagb-infobox-link-wrap uagb-infbox__link-to-all\" target=\"_self\" aria-label=\"Infobox Link\" rel=\"noopener noreferrer\" onclick=\"return true;\"><\/a><div class=\"uagb-ifb-content\"><div class=\"uagb-ifb-image-content\"><img decoding=\"async\" src=\"https:\/\/taula.eus\/wp-content\/uploads\/2025\/05\/MINATURAS-WEB.png\" alt=\"\" width=\"1080\" height=\"1080\" loading=\"lazy\"\/><\/div><div class=\"uagb-ifb-title-wrap\"><h5 class=\"uagb-ifb-title\">La Casa<\/h5><\/div><p class=\"uagb-ifb-desc\">Taula<\/p><div class=\"uagb-ifb-button-wrapper wp-block-button\"><\/div><\/div><\/div>\n\n\n\n<div class=\"wp-block-uagb-info-box uagb-block-dfb67df1 uagb-infobox__content-wrap  uagb-infobox_cta-type-all uagb-infobox-icon-above-title uagb-infobox-image-valign-top\"><a href=\"https:\/\/taula.eus\/es\/euskaldungak\/\" class=\"uagb-infobox-link-wrap uagb-infbox__link-to-all\" target=\"_self\" aria-label=\"Infobox Link\" rel=\"noopener noreferrer\" onclick=\"return true;\"><\/a><div class=\"uagb-ifb-content\"><div class=\"uagb-ifb-image-content\"><img decoding=\"async\" src=\"https:\/\/taula.eus\/wp-content\/uploads\/2024\/02\/6.png\" alt=\"\" width=\"1080\" height=\"1080\" loading=\"lazy\"\/><\/div><div class=\"uagb-ifb-title-wrap\"><h5 class=\"uagb-ifb-title\">Euskaldungak<\/h5><\/div><p class=\"uagb-ifb-desc\">Taulelak (Taula &amp; Las Paralelas)<\/p><div class=\"uagb-ifb-button-wrapper wp-block-button\"><\/div><\/div><\/div>\n\n\n\n<div class=\"wp-block-uagb-info-box uagb-block-a41bb94f uagb-infobox__content-wrap  uagb-infobox_cta-type-all uagb-infobox-icon-above-title uagb-infobox-image-valign-top\"><a href=\"https:\/\/taula.eus\/es\/identitarteak\/\" class=\"uagb-infobox-link-wrap uagb-infbox__link-to-all\" target=\"_self\" aria-label=\"Infobox Link\" rel=\"noopener noreferrer\" onclick=\"return true;\"><\/a><div class=\"uagb-ifb-content\"><div class=\"uagb-ifb-image-content\"><img decoding=\"async\" src=\"https:\/\/taula.eus\/wp-content\/uploads\/2024\/02\/3.png\" alt=\"\" width=\"1080\" height=\"1080\" loading=\"lazy\"\/><\/div><div class=\"uagb-ifb-title-wrap\"><h5 class=\"uagb-ifb-title\">Identitarteak<\/h5><\/div><p class=\"uagb-ifb-desc\">Gilkitxaro<\/p><div class=\"uagb-ifb-button-wrapper wp-block-button\"><\/div><\/div><\/div>\n\n\n\n<div class=\"wp-block-uagb-container uagb-block-65b8b623\">\n<div class=\"wp-block-uagb-info-box uagb-block-c27f163a uagb-infobox__content-wrap  uagb-infobox_cta-type-all uagb-infobox-icon-above-title uagb-infobox-image-valign-top\"><a href=\"https:\/\/taula.eus\/es\/alperrak-tunanteak-eta-maleanteak\/\" class=\"uagb-infobox-link-wrap uagb-infbox__link-to-all\" target=\"_self\" aria-label=\"Infobox Link\" rel=\"noopener noreferrer\" onclick=\"return true;\"><\/a><div class=\"uagb-ifb-content\"><div class=\"uagb-ifb-image-content\"><img decoding=\"async\" src=\"https:\/\/taula.eus\/wp-content\/uploads\/2025\/06\/alperrak.png\" alt=\"\" width=\"1080\" height=\"1080\" loading=\"lazy\"\/><\/div><div class=\"uagb-ifb-title-wrap\"><h5 class=\"uagb-ifb-title\">Alperrak, tunanteak eta maleanteak<\/h5><\/div><p class=\"uagb-ifb-desc\">Gilkitxaro<\/p><div class=\"uagb-ifb-button-wrapper wp-block-button\"><\/div><\/div><\/div>\n<\/div>\n<\/div>\n\n\n\n<div class=\"wp-block-uagb-container uagb-block-858831f2\">\n<div class=\"wp-block-uagb-info-box uagb-block-895cc924 uagb-infobox__content-wrap  uagb-infobox_cta-type-all uagb-infobox-icon-above-title uagb-infobox-image-valign-top\"><a href=\"https:\/\/taula.eus\/es\/bizarrak-2-0\/\" class=\"uagb-infobox-link-wrap uagb-infbox__link-to-all\" target=\"_self\" aria-label=\"Infobox Link\" rel=\"noopener noreferrer\" onclick=\"return true;\"><\/a><div class=\"uagb-ifb-content\"><div class=\"uagb-ifb-image-content\"><img decoding=\"async\" src=\"https:\/\/taula.eus\/wp-content\/uploads\/2024\/02\/5.png\" alt=\"\" width=\"1080\" height=\"1080\" loading=\"lazy\"\/><\/div><div class=\"uagb-ifb-title-wrap\"><h5 class=\"uagb-ifb-title\">Bizarrak 2.0.<\/h5><\/div><p class=\"uagb-ifb-desc\">Taula<\/p><div class=\"uagb-ifb-button-wrapper wp-block-button\"><\/div><\/div><\/div>\n\n\n\n<div class=\"wp-block-uagb-info-box uagb-block-d5a10a51 uagb-infobox__content-wrap  uagb-infobox_cta-type-all uagb-infobox-icon-above-title uagb-infobox-image-valign-top\"><a href=\"https:\/\/taula.eus\/es\/eszenikoak-escenicas\/hil-da-jainkosa\/\" class=\"uagb-infobox-link-wrap uagb-infbox__link-to-all\" target=\"_self\" aria-label=\"Infobox Link\" rel=\"noopener noreferrer\" onclick=\"return true;\"><\/a><div class=\"uagb-ifb-content\"><div class=\"uagb-ifb-image-content\"><img decoding=\"async\" src=\"https:\/\/taula.eus\/wp-content\/uploads\/2025\/07\/hil-da-jainkosa.png\" alt=\"\" width=\"1080\" height=\"1080\" loading=\"lazy\"\/><\/div><div class=\"uagb-ifb-title-wrap\"><h5 class=\"uagb-ifb-title\">Hil da jainkosa<\/h5><\/div><p class=\"uagb-ifb-desc\">Bibitxa kolektiboa<\/p><div class=\"uagb-ifb-button-wrapper wp-block-button\"><\/div><\/div><\/div>\n\n\n\n<div class=\"wp-block-uagb-info-box uagb-block-ace580e6 uagb-infobox__content-wrap  uagb-infobox_cta-type-all uagb-infobox-icon-above-title uagb-infobox-image-valign-top\"><a href=\"https:\/\/taula.eus\/es\/eszenikoak-escenicas\/euskaldungak\/\" class=\"uagb-infobox-link-wrap uagb-infbox__link-to-all\" target=\"_self\" aria-label=\"Infobox Link\" rel=\"noopener noreferrer\" onclick=\"return true;\"><\/a><div class=\"uagb-ifb-content\"><div class=\"uagb-ifb-title-wrap\"><\/div><div class=\"uagb-ifb-button-wrapper wp-block-button\"><\/div><\/div><\/div>\n\n\n\n<div class=\"wp-block-uagb-container uagb-block-76dc7641\">\n<div class=\"wp-block-uagb-info-box uagb-block-30b7ee43 uagb-infobox__content-wrap  uagb-infobox_cta-type-all uagb-infobox-icon-above-title uagb-infobox-image-valign-top\"><a href=\"https:\/\/taula.eus\/es\/eszenikoak-escenicas\/una-cronica-de-violencia\/\" class=\"uagb-infobox-link-wrap uagb-infbox__link-to-all\" target=\"_self\" aria-label=\"Infobox Link\" rel=\"noopener noreferrer\" onclick=\"return true;\"><\/a><div class=\"uagb-ifb-content\"><div class=\"uagb-ifb-title-wrap\"><\/div><div class=\"uagb-ifb-button-wrapper wp-block-button\"><\/div><\/div><\/div>\n<\/div>\n<\/div>\n<\/div>\n<\/div>\n<\/div>\n<\/div><\/div>\n\n\n\n<div class=\"wp-block-uagb-container uagb-block-397ee6a8 alignfull uagb-is-root-container\"><div class=\"uagb-container-inner-blocks-wrap\">\n<div class=\"wp-block-columns is-layout-flex wp-container-core-columns-is-layout-28f84493 wp-block-columns-is-layout-flex\">\n<div class=\"wp-block-column is-layout-flow wp-block-column-is-layout-flow\">\n<div class=\"wp-block-uagb-info-box uagb-block-78c4775c uagb-infobox__content-wrap  uagb-infobox-icon-above-title uagb-infobox-image-valign-top\"><div class=\"uagb-ifb-content\"><div class=\"uagb-ifb-title-wrap\"><h3 class=\"uagb-ifb-title\">\u00bfTienes alguna propuesta?<\/h3><\/div><p class=\"uagb-ifb-desc translation-block\">\u00bfTienes alguna propuesta <strong>esc\u00e9nica<strong> o necesitas informaci\u00f3n y no la has encontrado?<br>Contacta conmigo.<\/p><\/div><\/div>\n<\/div>\n<\/div>\n\n\n\n<ul class=\"wp-block-social-links is-content-justification-center is-layout-flex wp-container-core-social-links-is-layout-a89b3969 wp-block-social-links-is-layout-flex\"><li class=\"wp-social-link wp-social-link-mail  wp-block-social-link\"><a href=\"mailto:&#109;&#097;&#114;k&#101;&#108;&#064;&#116;&#097;u&#108;a.&#101;u&#115;\" class=\"wp-block-social-link-anchor\"><svg width=\"24\" height=\"24\" viewbox=\"0 0 24 24\" version=\"1.1\" xmlns=\"http:\/\/www.w3.org\/2000\/svg\" aria-hidden=\"true\" focusable=\"false\"><path d=\"M19,5H5c-1.1,0-2,.9-2,2v10c0,1.1.9,2,2,2h14c1.1,0,2-.9,2-2V7c0-1.1-.9-2-2-2zm.5,12c0,.3-.2.5-.5.5H5c-.3,0-.5-.2-.5-.5V9.8l7.5,5.6,7.5-5.6V17zm0-9.1L12,13.6,4.5,7.9V7c0-.3.2-.5.5-.5h14c.3,0,.5.2.5.5v.9z\"><\/path><\/svg><span class=\"wp-block-social-link-label screen-reader-text\">Correo electr\u00f3nico<\/span><\/a><\/li><\/ul>\n\n\n\n<h4 class=\"wp-block-heading has-text-align-center\">Markel Ganboa<\/h4>\n<\/div><\/div>","protected":false},"excerpt":{"rendered":"<p>ARTE ESZENIKOAK zer egiten dugu? Aparteko proiektu eszenikoak sortu eta ekoizten ditugu. Plangintzatik hasi eta gauzatzera arte, gure taldeak gaitasun handia du xehetasun bakoitzaz arduratzeko. Gainera, administrazio-kudeaketaz arduratzen gara, baimenak eta dirulaguntzak barne. Utziguzu zure bazkide fidagarria izaten eszenaren munduan. KUDEAKETA Guk kudeatuko dugu zure ideia. EKOIZPENA Zure taldea gara. ADMINISTRAZIOA Guk zure paper guztiak [&hellip;]<\/p>\n","protected":false},"author":1,"featured_media":0,"parent":0,"menu_order":0,"comment_status":"closed","ping_status":"closed","template":"","meta":{"_uag_custom_page_level_css":"","site-sidebar-layout":"no-sidebar","site-content-layout":"plain-container","ast-site-content-layout":"normal-width-container","site-content-style":"unboxed","site-sidebar-style":"unboxed","ast-global-header-display":"","ast-banner-title-visibility":"","ast-main-header-display":"","ast-hfb-above-header-display":"","ast-hfb-below-header-display":"","ast-hfb-mobile-header-display":"","site-post-title":"disabled","ast-breadcrumbs-content":"","ast-featured-img":"","footer-sml-layout":"","ast-disable-related-posts":"","theme-transparent-header-meta":"enabled","adv-header-id-meta":"","stick-header-meta":"","header-above-stick-meta":"","header-main-stick-meta":"","header-below-stick-meta":"","astra-migrate-meta-layouts":"set","ast-page-background-enabled":"default","ast-page-background-meta":{"desktop":{"background-color":"","background-image":"","background-repeat":"repeat","background-position":"center center","background-size":"auto","background-attachment":"scroll","background-type":"","background-media":"","overlay-type":"","overlay-color":"","overlay-opacity":"","overlay-gradient":""},"tablet":{"background-color":"","background-image":"","background-repeat":"repeat","background-position":"center center","background-size":"auto","background-attachment":"scroll","background-type":"","background-media":"","overlay-type":"","overlay-color":"","overlay-opacity":"","overlay-gradient":""},"mobile":{"background-color":"","background-image":"","background-repeat":"repeat","background-position":"center center","background-size":"auto","background-attachment":"scroll","background-type":"","background-media":"","overlay-type":"","overlay-color":"","overlay-opacity":"","overlay-gradient":""}},"ast-content-background-meta":{"desktop":{"background-color":"var(--ast-global-color-5)","background-image":"","background-repeat":"repeat","background-position":"center center","background-size":"auto","background-attachment":"scroll","background-type":"","background-media":"","overlay-type":"","overlay-color":"","overlay-opacity":"","overlay-gradient":""},"tablet":{"background-color":"var(--ast-global-color-5)","background-image":"","background-repeat":"repeat","background-position":"center center","background-size":"auto","background-attachment":"scroll","background-type":"","background-media":"","overlay-type":"","overlay-color":"","overlay-opacity":"","overlay-gradient":""},"mobile":{"background-color":"var(--ast-global-color-5)","background-image":"","background-repeat":"repeat","background-position":"center center","background-size":"auto","background-attachment":"scroll","background-type":"","background-media":"","overlay-type":"","overlay-color":"","overlay-opacity":"","overlay-gradient":""}},"_mc_calendar":[],"footnotes":""},"class_list":["post-701","page","type-page","status-publish","hentry"],"uagb_featured_image_src":{"full":false,"thumbnail":false,"medium":false,"medium_large":false,"large":false,"1536x1536":false,"2048x2048":false,"trp-custom-language-flag":false},"uagb_author_info":{"display_name":"Markel Ganboa","author_link":"https:\/\/taula.eus\/es\/author\/admin\/"},"uagb_comment_info":0,"uagb_excerpt":"ARTE ESZENIKOAK zer egiten dugu? Aparteko proiektu eszenikoak sortu eta ekoizten ditugu. Plangintzatik hasi eta gauzatzera arte, gure taldeak gaitasun handia du xehetasun bakoitzaz arduratzeko. Gainera, administrazio-kudeaketaz arduratzen gara, baimenak eta dirulaguntzak barne. Utziguzu zure bazkide fidagarria izaten eszenaren munduan. KUDEAKETA Guk kudeatuko dugu zure ideia. EKOIZPENA Zure taldea gara. ADMINISTRAZIOA Guk zure paper guztiak&hellip;","_links":{"self":[{"href":"https:\/\/taula.eus\/es\/wp-json\/wp\/v2\/pages\/701","targetHints":{"allow":["GET"]}}],"collection":[{"href":"https:\/\/taula.eus\/es\/wp-json\/wp\/v2\/pages"}],"about":[{"href":"https:\/\/taula.eus\/es\/wp-json\/wp\/v2\/types\/page"}],"author":[{"embeddable":true,"href":"https:\/\/taula.eus\/es\/wp-json\/wp\/v2\/users\/1"}],"replies":[{"embeddable":true,"href":"https:\/\/taula.eus\/es\/wp-json\/wp\/v2\/comments?post=701"}],"version-history":[{"count":40,"href":"https:\/\/taula.eus\/es\/wp-json\/wp\/v2\/pages\/701\/revisions"}],"predecessor-version":[{"id":1332,"href":"https:\/\/taula.eus\/es\/wp-json\/wp\/v2\/pages\/701\/revisions\/1332"}],"wp:attachment":[{"href":"https:\/\/taula.eus\/es\/wp-json\/wp\/v2\/media?parent=701"}],"curies":[{"name":"wp","href":"https:\/\/api.w.org\/{rel}","templated":true}]}}