{"id":760,"date":"2024-02-26T19:35:30","date_gmt":"2024-02-26T19:35:30","guid":{"rendered":"https:\/\/taula.eus\/?page_id=760"},"modified":"2025-07-01T10:42:03","modified_gmt":"2025-07-01T10:42:03","slug":"identitarteak","status":"publish","type":"page","link":"https:\/\/taula.eus\/es\/eszenikoak\/identitarteak\/","title":{"rendered":"IDENTITARTEAK"},"content":{"rendered":"<div class=\"wp-block-uagb-container uagb-block-fe71931f alignfull uagb-is-root-container\"><div class=\"uagb-container-inner-blocks-wrap\">\n<div class=\"wp-block-uagb-advanced-heading uagb-block-92239a8e\"><h1 class=\"uagb-heading-text\">IDENTITARTEAK<\/h1><\/div>\n\n\n\n<p class=\"has-text-align-center has-ast-global-color-5-color has-text-color has-link-color wp-elements-87ca6382cd8423bf28f51da41e4281a6\" style=\"font-size:35px\"><strong>Gilkitxaro<\/strong><\/p>\n<\/div><\/div>\n\n\n\n<div class=\"wp-block-uagb-container uagb-block-31ec3615 alignfull uagb-is-root-container\"><div class=\"uagb-container-inner-blocks-wrap\">\n<div class=\"wp-block-uagb-container uagb-block-43436432\">\n<figure class=\"wp-block-image size-large is-resized\"><img loading=\"lazy\" decoding=\"async\" width=\"713\" height=\"1024\" src=\"https:\/\/taula.eus\/wp-content\/uploads\/2023\/06\/IDENTITARTEAK-kartela-713x1024.jpg\" alt=\"\" class=\"wp-image-159\" style=\"width:273px;height:auto\" srcset=\"https:\/\/taula.eus\/wp-content\/uploads\/2023\/06\/IDENTITARTEAK-kartela-713x1024.jpg 713w, https:\/\/taula.eus\/wp-content\/uploads\/2023\/06\/IDENTITARTEAK-kartela-209x300.jpg 209w, https:\/\/taula.eus\/wp-content\/uploads\/2023\/06\/IDENTITARTEAK-kartela-768x1103.jpg 768w, https:\/\/taula.eus\/wp-content\/uploads\/2023\/06\/IDENTITARTEAK-kartela-1069x1536.jpg 1069w, https:\/\/taula.eus\/wp-content\/uploads\/2023\/06\/IDENTITARTEAK-kartela-1426x2048.jpg 1426w, https:\/\/taula.eus\/wp-content\/uploads\/2023\/06\/IDENTITARTEAK-kartela-scaled.jpg 1782w\" sizes=\"auto, (max-width: 713px) 100vw, 713px\" \/><\/figure>\n\n\n\n<div class=\"wp-block-uagb-advanced-heading uagb-block-aba220df\"><h3 class=\"uagb-heading-text\">Ficha art\u00edstica<\/h3><div class=\"uagb-separator\"><\/div><p class=\"uagb-desc-text\"><strong>Texto<\/strong>:&nbsp;Lutxo Egia<br><strong>Dramaturgia y direcci\u00f3n<\/strong>:&nbsp;Gilkitxaro<br><strong>Int\u00e9rpretes<\/strong>:&nbsp;Ane Zabala, Galder Perez, Aitor Garc\u00eda de Vicu\u00f1a (Gartxito)<br><strong>Luces<\/strong>:&nbsp;Ruben Mart\u00ednez Blanco<br><strong>Espacio sonoro<\/strong>: Aitor Garc\u00eda de Vicu\u00f1a (Gartxito)<br><strong>Vestuario y elementos esc\u00e9nicos<\/strong>:&nbsp;Ramona Bilbao Izagirre<br><strong>Cartel<\/strong>:&nbsp;Gontzal Gutierrez<br><strong>Gesti\u00f3n<\/strong>: Taula<\/p><\/div>\n<\/div>\n\n\n\n<p class=\"translation-block\">Identitarteak es el t\u00edtulo del nuevo trabajo de la compa\u00f1\u00eda Gilkitxaro. Despu\u00e9s de cumplir su 25 aniversario en escena, siguen pregunt\u00e1ndose qui\u00e9nes son. Siemre desde el juego teatral y la comedia, para navegar en mares y desiertos de dudas. Su forma de trabajar es un continuo dialogo con el p\u00fablico desde unas bases que fueron cabareteras.\nAne Zabala y Galder Perez salen a jugar a escena junto al m\u00fasico Aitor Garc\u00eda de Vicu\u00f1a (Gartxito). Los tres se dan un ba\u00f1o esc\u00e9nico suicida entre viejas y nuevas preguntas, ahog\u00e1ndose en identidades que construyen y deconstruyen en un juego tan inventando y absurdo, as\u00ed como real. Mezcla de teatro de texto, con la experimentaci\u00f3n sonora y salpicones de performance. El punto de partida es el texto de Lutxo Egia.<\/p>\n<\/div><\/div>\n\n\n\n<div class=\"wp-block-uagb-container uagb-block-6706cfa8 alignfull uagb-is-root-container\"><div class=\"uagb-container-inner-blocks-wrap\">\n<div class=\"wp-block-uagb-advanced-heading uagb-block-bc903b0d\"><h3 class=\"uagb-heading-text\">Agenda<\/h3><div class=\"uagb-separator\"><\/div><p class=\"uagb-desc-text\"><strong>Martxoak 21 de marzo 2023<br><\/strong>Garaion sorgingunea<br><br><strong>Apirilak 21 de abril<br><\/strong>Kotxepin kultur etxea (Lemoa)<br><br><strong>Ekainak 30 de junio<br><\/strong>La Fundici\u00f3n (Bilbo) Zinegoak 2023<br><br><strong>Abuztuak 10 de agosto<br><\/strong>Iru\u00f1eako antzerki eskola (Iru\u00f1ea)<br><br><strong>Urriak 20 de octubre<br><\/strong>Lizarra zinema aretoa (Lizarra)<br><br><strong>Azaroak 9 de noviembre<br><\/strong>Dinamoa sormen gunea (Azpeitia)<br><br><strong>Azaroak 24 de noviembre<br><\/strong>Ariatzako eliza (Muxika)<br><br><strong>Azaroak 26 de noviembre<br><\/strong>Harriondoa (Lesaka) Keinu lehioak 19<br><br><strong>Urtarrilak 25 de enero 2024<br><\/strong>7 katu gaztetxea (Bilbo)<br><br><strong>Otsailak 24 de febrero<br><\/strong>Baratza aretoa (Gasteiz)<br><br><strong>Abenduak 28 de diciembre<br><\/strong>Zeanuriko kultur etxea (Zeanuri)<br><br><strong>Ekainak 26 de junio 2025<br><\/strong>San Agustin kulturgunea (Mendaro)<br><br><\/p><\/div>\n\n\n\n<figure class=\"wp-block-gallery has-nested-images columns-default is-cropped wp-block-gallery-1 is-layout-flex wp-block-gallery-is-layout-flex\">\n<figure class=\"wp-block-image size-large\"><img loading=\"lazy\" decoding=\"async\" width=\"729\" height=\"1024\" data-id=\"173\" src=\"https:\/\/taula.eus\/wp-content\/uploads\/2023\/06\/IMG_3552-729x1024.jpg\" alt=\"\" class=\"wp-image-173\" srcset=\"https:\/\/taula.eus\/wp-content\/uploads\/2023\/06\/IMG_3552-729x1024.jpg 729w, https:\/\/taula.eus\/wp-content\/uploads\/2023\/06\/IMG_3552-214x300.jpg 214w, https:\/\/taula.eus\/wp-content\/uploads\/2023\/06\/IMG_3552-768x1079.jpg 768w, https:\/\/taula.eus\/wp-content\/uploads\/2023\/06\/IMG_3552-1093x1536.jpg 1093w, https:\/\/taula.eus\/wp-content\/uploads\/2023\/06\/IMG_3552-1458x2048.jpg 1458w, https:\/\/taula.eus\/wp-content\/uploads\/2023\/06\/IMG_3552-scaled.jpg 1822w\" sizes=\"auto, (max-width: 729px) 100vw, 729px\" \/><\/figure>\n\n\n\n<figure class=\"wp-block-image size-large\"><img loading=\"lazy\" decoding=\"async\" width=\"697\" height=\"1024\" data-id=\"171\" src=\"https:\/\/taula.eus\/wp-content\/uploads\/2023\/06\/IMG_3545-697x1024.jpg\" alt=\"\" class=\"wp-image-171\" srcset=\"https:\/\/taula.eus\/wp-content\/uploads\/2023\/06\/IMG_3545-697x1024.jpg 697w, https:\/\/taula.eus\/wp-content\/uploads\/2023\/06\/IMG_3545-204x300.jpg 204w, https:\/\/taula.eus\/wp-content\/uploads\/2023\/06\/IMG_3545-768x1128.jpg 768w, https:\/\/taula.eus\/wp-content\/uploads\/2023\/06\/IMG_3545-1046x1536.jpg 1046w, https:\/\/taula.eus\/wp-content\/uploads\/2023\/06\/IMG_3545-1394x2048.jpg 1394w, https:\/\/taula.eus\/wp-content\/uploads\/2023\/06\/IMG_3545-scaled.jpg 1743w\" sizes=\"auto, (max-width: 697px) 100vw, 697px\" \/><\/figure>\n\n\n\n<figure class=\"wp-block-image size-large\"><img loading=\"lazy\" decoding=\"async\" width=\"576\" height=\"1024\" data-id=\"168\" src=\"https:\/\/taula.eus\/wp-content\/uploads\/2023\/06\/IMG_3521-576x1024.jpg\" alt=\"\" class=\"wp-image-168\" srcset=\"https:\/\/taula.eus\/wp-content\/uploads\/2023\/06\/IMG_3521-576x1024.jpg 576w, https:\/\/taula.eus\/wp-content\/uploads\/2023\/06\/IMG_3521-169x300.jpg 169w, https:\/\/taula.eus\/wp-content\/uploads\/2023\/06\/IMG_3521-768x1365.jpg 768w, https:\/\/taula.eus\/wp-content\/uploads\/2023\/06\/IMG_3521-864x1536.jpg 864w, https:\/\/taula.eus\/wp-content\/uploads\/2023\/06\/IMG_3521-1152x2048.jpg 1152w, https:\/\/taula.eus\/wp-content\/uploads\/2023\/06\/IMG_3521-scaled.jpg 1440w\" sizes=\"auto, (max-width: 576px) 100vw, 576px\" \/><\/figure>\n\n\n\n<figure class=\"wp-block-image size-large\"><img loading=\"lazy\" decoding=\"async\" width=\"1024\" height=\"576\" data-id=\"164\" src=\"https:\/\/taula.eus\/wp-content\/uploads\/2023\/06\/IMG_3494-1024x576.jpg\" alt=\"\" class=\"wp-image-164\" srcset=\"https:\/\/taula.eus\/wp-content\/uploads\/2023\/06\/IMG_3494-1024x576.jpg 1024w, https:\/\/taula.eus\/wp-content\/uploads\/2023\/06\/IMG_3494-300x169.jpg 300w, https:\/\/taula.eus\/wp-content\/uploads\/2023\/06\/IMG_3494-768x432.jpg 768w, https:\/\/taula.eus\/wp-content\/uploads\/2023\/06\/IMG_3494-1536x864.jpg 1536w, https:\/\/taula.eus\/wp-content\/uploads\/2023\/06\/IMG_3494-2048x1152.jpg 2048w\" sizes=\"auto, (max-width: 1024px) 100vw, 1024px\" \/><\/figure>\n\n\n\n<figure class=\"wp-block-image size-large\"><img loading=\"lazy\" decoding=\"async\" width=\"1024\" height=\"707\" data-id=\"165\" src=\"https:\/\/taula.eus\/wp-content\/uploads\/2023\/06\/IMG_3506-1024x707.jpg\" alt=\"\" class=\"wp-image-165\" srcset=\"https:\/\/taula.eus\/wp-content\/uploads\/2023\/06\/IMG_3506-1024x707.jpg 1024w, https:\/\/taula.eus\/wp-content\/uploads\/2023\/06\/IMG_3506-300x207.jpg 300w, https:\/\/taula.eus\/wp-content\/uploads\/2023\/06\/IMG_3506-768x530.jpg 768w, https:\/\/taula.eus\/wp-content\/uploads\/2023\/06\/IMG_3506-1536x1060.jpg 1536w, https:\/\/taula.eus\/wp-content\/uploads\/2023\/06\/IMG_3506-2048x1414.jpg 2048w\" sizes=\"auto, (max-width: 1024px) 100vw, 1024px\" \/><\/figure>\n<\/figure>\n<\/div><\/div>\n\n\n\n<div class=\"wp-block-uagb-container uagb-block-999cd3e6 alignfull uagb-is-root-container\"><div class=\"uagb-container-inner-blocks-wrap\">\n<div class=\"wp-block-uagb-advanced-heading uagb-block-1fc64f5c\"><h3 class=\"uagb-heading-text\">Material<\/h3><div class=\"uagb-separator\"><\/div><\/div>\n\n\n\n<div class=\"wp-block-columns is-layout-flex wp-container-core-columns-is-layout-28f84493 wp-block-columns-is-layout-flex\">\n<div class=\"wp-block-column is-layout-flow wp-block-column-is-layout-flow\"><\/div>\n\n\n\n<div class=\"wp-block-column is-layout-flow wp-block-column-is-layout-flow\">\n<div class=\"wp-block-buttons is-content-justification-center is-layout-flex wp-container-core-buttons-is-layout-a89b3969 wp-block-buttons-is-layout-flex\">\n<div class=\"wp-block-button\"><a class=\"wp-block-button__link has-text-align-center wp-element-button\" href=\"https:\/\/drive.google.com\/file\/d\/1EAGqeKnDrfu4Pz02skdEM51J4z8leaNZ\/view?usp=sharing\" target=\"_blank\" rel=\"noreferrer noopener\">Dossier<\/a><\/div>\n\n\n\n<div class=\"wp-block-button\"><a class=\"wp-block-button__link wp-element-button\" href=\"https:\/\/www.youtube.com\/watch?v=8x3xchMFm4o\" target=\"_blank\" rel=\"noreferrer noopener\">Teaser<\/a><\/div>\n\n\n\n<div class=\"wp-block-button\"><a class=\"wp-block-button__link wp-element-button\" href=\"https:\/\/taula.eus\/es\/kontaktua-contacto\/\">Bienvenidos al \"funeral de vuestra vida\". S\u00ed, todos moriremos alguna vez. Hoy tratamos de controlar toda nuestra vida y ni siquiera la muerte escapa a nuestro egocentrismo: queremos dise\u00f1ar la despedida a nuestra medida, que nadie diga nada inadecuado, y tener controlado cualquier menudencia. Porque queremos ser recordados, queremos dejar huella, y al fin y al cabo s\u00f3lo vamos a morir una vez. Entre risas y reflexiones, dos mujeres cuestionan las tradiciones y acaban pregunt\u00e1ndose si estamos demasiado obsesionadas con nuestro patrimonio. Y la gran pregunta queda en el aire: \u00bfc\u00f3mo debe ser el funeral perfecto?<\/a><\/div>\n<\/div>\n<\/div>\n\n\n\n<div class=\"wp-block-column is-layout-flow wp-block-column-is-layout-flow\"><\/div>\n<\/div>\n<\/div><\/div>","protected":false},"excerpt":{"rendered":"<p>IDENTITARTEAK Gilkitxaro Fitxa artistikoa Testua:&nbsp;Lutxo EgiaDramaturgia eta zuzendaritza:&nbsp;GilkitxaroAntzezleak:&nbsp;Ane Zabala, Galder Perez, Aitor Garc\u00eda de Vicu\u00f1a (Gartxito)Argiztapena:&nbsp;Ruben Mart\u00ednez BlancoSoinu espazioa: Aitor Garc\u00eda de Vicu\u00f1a (Gartxito)Jantziak eta elementu eszenikoak:&nbsp;Ramona Bilbao IzagirreKartela:&nbsp;Gontzal GutierrezKudeaketa: Taula Identitarteak&nbsp;antzezlana Gilkitxaro taldearen lan berria da. 25 urte bete ostean haien buruari nor eta zer diren galdetzen diote oraindik. Beti ere komediatik eta jolasetik [&hellip;]<\/p>\n","protected":false},"author":1,"featured_media":0,"parent":701,"menu_order":0,"comment_status":"closed","ping_status":"closed","template":"","meta":{"_uag_custom_page_level_css":"","site-sidebar-layout":"no-sidebar","site-content-layout":"plain-container","ast-site-content-layout":"normal-width-container","site-content-style":"unboxed","site-sidebar-style":"unboxed","ast-global-header-display":"","ast-banner-title-visibility":"","ast-main-header-display":"","ast-hfb-above-header-display":"","ast-hfb-below-header-display":"","ast-hfb-mobile-header-display":"","site-post-title":"disabled","ast-breadcrumbs-content":"","ast-featured-img":"","footer-sml-layout":"","ast-disable-related-posts":"","theme-transparent-header-meta":"enabled","adv-header-id-meta":"","stick-header-meta":"","header-above-stick-meta":"","header-main-stick-meta":"","header-below-stick-meta":"","astra-migrate-meta-layouts":"set","ast-page-background-enabled":"default","ast-page-background-meta":{"desktop":{"background-color":"","background-image":"","background-repeat":"repeat","background-position":"center center","background-size":"auto","background-attachment":"scroll","background-type":"","background-media":"","overlay-type":"","overlay-color":"","overlay-opacity":"","overlay-gradient":""},"tablet":{"background-color":"","background-image":"","background-repeat":"repeat","background-position":"center center","background-size":"auto","background-attachment":"scroll","background-type":"","background-media":"","overlay-type":"","overlay-color":"","overlay-opacity":"","overlay-gradient":""},"mobile":{"background-color":"","background-image":"","background-repeat":"repeat","background-position":"center center","background-size":"auto","background-attachment":"scroll","background-type":"","background-media":"","overlay-type":"","overlay-color":"","overlay-opacity":"","overlay-gradient":""}},"ast-content-background-meta":{"desktop":{"background-color":"var(--ast-global-color-5)","background-image":"","background-repeat":"repeat","background-position":"center center","background-size":"auto","background-attachment":"scroll","background-type":"","background-media":"","overlay-type":"","overlay-color":"","overlay-opacity":"","overlay-gradient":""},"tablet":{"background-color":"var(--ast-global-color-5)","background-image":"","background-repeat":"repeat","background-position":"center center","background-size":"auto","background-attachment":"scroll","background-type":"","background-media":"","overlay-type":"","overlay-color":"","overlay-opacity":"","overlay-gradient":""},"mobile":{"background-color":"var(--ast-global-color-5)","background-image":"","background-repeat":"repeat","background-position":"center center","background-size":"auto","background-attachment":"scroll","background-type":"","background-media":"","overlay-type":"","overlay-color":"","overlay-opacity":"","overlay-gradient":""}},"_mc_calendar":[],"footnotes":""},"class_list":["post-760","page","type-page","status-publish","hentry"],"uagb_featured_image_src":{"full":false,"thumbnail":false,"medium":false,"medium_large":false,"large":false,"1536x1536":false,"2048x2048":false,"trp-custom-language-flag":false},"uagb_author_info":{"display_name":"Markel Ganboa","author_link":"https:\/\/taula.eus\/es\/author\/admin\/"},"uagb_comment_info":0,"uagb_excerpt":"IDENTITARTEAK Gilkitxaro Fitxa artistikoa Testua:&nbsp;Lutxo EgiaDramaturgia eta zuzendaritza:&nbsp;GilkitxaroAntzezleak:&nbsp;Ane Zabala, Galder Perez, Aitor Garc\u00eda de Vicu\u00f1a (Gartxito)Argiztapena:&nbsp;Ruben Mart\u00ednez BlancoSoinu espazioa: Aitor Garc\u00eda de Vicu\u00f1a (Gartxito)Jantziak eta elementu eszenikoak:&nbsp;Ramona Bilbao IzagirreKartela:&nbsp;Gontzal GutierrezKudeaketa: Taula Identitarteak&nbsp;antzezlana Gilkitxaro taldearen lan berria da. 25 urte bete ostean haien buruari nor eta zer diren galdetzen diote oraindik. Beti ere komediatik eta jolasetik&hellip;","_links":{"self":[{"href":"https:\/\/taula.eus\/es\/wp-json\/wp\/v2\/pages\/760","targetHints":{"allow":["GET"]}}],"collection":[{"href":"https:\/\/taula.eus\/es\/wp-json\/wp\/v2\/pages"}],"about":[{"href":"https:\/\/taula.eus\/es\/wp-json\/wp\/v2\/types\/page"}],"author":[{"embeddable":true,"href":"https:\/\/taula.eus\/es\/wp-json\/wp\/v2\/users\/1"}],"replies":[{"embeddable":true,"href":"https:\/\/taula.eus\/es\/wp-json\/wp\/v2\/comments?post=760"}],"version-history":[{"count":12,"href":"https:\/\/taula.eus\/es\/wp-json\/wp\/v2\/pages\/760\/revisions"}],"predecessor-version":[{"id":1310,"href":"https:\/\/taula.eus\/es\/wp-json\/wp\/v2\/pages\/760\/revisions\/1310"}],"up":[{"embeddable":true,"href":"https:\/\/taula.eus\/es\/wp-json\/wp\/v2\/pages\/701"}],"wp:attachment":[{"href":"https:\/\/taula.eus\/es\/wp-json\/wp\/v2\/media?parent=760"}],"curies":[{"name":"wp","href":"https:\/\/api.w.org\/{rel}","templated":true}]}}