{"id":764,"date":"2024-02-26T19:41:37","date_gmt":"2024-02-26T19:41:37","guid":{"rendered":"https:\/\/taula.eus\/?page_id=764"},"modified":"2025-06-09T15:14:51","modified_gmt":"2025-06-09T15:14:51","slug":"bizarrak-2-0","status":"publish","type":"page","link":"https:\/\/taula.eus\/es\/eszenikoak\/bizarrak-2-0\/","title":{"rendered":"BIZARRAK 2.0."},"content":{"rendered":"<div class=\"wp-block-uagb-container uagb-block-fe71931f alignfull uagb-is-root-container\"><div class=\"uagb-container-inner-blocks-wrap\">\n<div class=\"wp-block-uagb-advanced-heading uagb-block-92239a8e\"><h1 class=\"uagb-heading-text\">BIZARRAK 2.0.<\/h1><\/div>\n\n\n\n<div class=\"wp-block-uagb-separator uagb-block-021dec4e\"><div class=\"wp-block-uagb-separator__inner\" style=\"--my-background-image:\"><\/div><\/div>\n<\/div><\/div>\n\n\n\n<div class=\"wp-block-uagb-container uagb-block-31ec3615 alignfull uagb-is-root-container\"><div class=\"uagb-container-inner-blocks-wrap\">\n<div class=\"wp-block-uagb-container uagb-block-43436432\">\n<figure class=\"wp-block-image size-full is-resized\"><img loading=\"lazy\" decoding=\"async\" width=\"724\" height=\"1024\" src=\"https:\/\/taula.eus\/wp-content\/uploads\/2023\/09\/WhatsApp-Image-2023-07-31-at-16.47.19.jpeg\" alt=\"\" class=\"wp-image-325\" style=\"width:273px;height:auto\" srcset=\"https:\/\/taula.eus\/wp-content\/uploads\/2023\/09\/WhatsApp-Image-2023-07-31-at-16.47.19.jpeg 724w, https:\/\/taula.eus\/wp-content\/uploads\/2023\/09\/WhatsApp-Image-2023-07-31-at-16.47.19-212x300.jpeg 212w\" sizes=\"auto, (max-width: 724px) 100vw, 724px\" \/><\/figure>\n\n\n\n<div class=\"wp-block-uagb-advanced-heading uagb-block-aba220df\"><h3 class=\"uagb-heading-text\">Ficha art\u00edstica<\/h3><div class=\"uagb-separator\"><\/div><p class=\"uagb-desc-text\"><strong>Direcci\u00f3n<\/strong>: Getari Etxegarai<br><strong>Int\u00e9rpretes<\/strong>: Getari Etxegarai y otras tres actrices rotativas<br><strong>Gesti\u00f3n y distribuci\u00f3n<\/strong>: Taula<\/p><\/div>\n<\/div>\n\n\n\n<p class=\"translation-block\">Las mujeres tambi\u00e9n tenemos nuestras barbas y queremos dejar de escondernos.\nNecesitamos lugares donde poder arreglarnos libremente, aunque s\u00f3lo sea para poner el mundo patas arriba. Bizarrak 2.0 es un espect\u00e1culo de mon\u00f3logos y charetas de gran humor y reivindicaci\u00f3n. All\u00ed, las mujeres buscar\u00e1n un lugar donde desahogarse, un lugar sin prejuicios donde hablar de sus vivencias y experiencias, compartir\u00e1n intimidades con el p\u00fablico, normalizar\u00e1n lo demonizado y, sobre todo, bailar\u00e1n hasta la muerte.<\/p>\n<\/div><\/div>\n\n\n\n<div class=\"wp-block-uagb-container uagb-block-6706cfa8 alignfull uagb-is-root-container\"><div class=\"uagb-container-inner-blocks-wrap\">\n<div class=\"wp-block-uagb-advanced-heading uagb-block-bc903b0d\"><h3 class=\"uagb-heading-text\">Agenda<\/h3><div class=\"uagb-separator\"><\/div><p class=\"uagb-desc-text\"><strong>Martxoak 5 de marzo \u00b7 19:30<br><\/strong>Durango (San Agustin kultur gunea)<br><br><strong>Urriak 6 de octubre \u00b7 20:00<br><\/strong>Galdakao (Torrezabal kultur etxea)<\/p><\/div>\n\n\n\n<figure class=\"wp-block-gallery has-nested-images columns-default is-cropped wp-block-gallery-1 is-layout-flex wp-block-gallery-is-layout-flex\">\n<figure class=\"wp-block-image size-large\"><img loading=\"lazy\" decoding=\"async\" width=\"1024\" height=\"632\" data-id=\"327\" src=\"https:\/\/taula.eus\/wp-content\/uploads\/2023\/09\/ana-1024x632.jpg\" alt=\"\" class=\"wp-image-327\" srcset=\"https:\/\/taula.eus\/wp-content\/uploads\/2023\/09\/ana-1024x632.jpg 1024w, https:\/\/taula.eus\/wp-content\/uploads\/2023\/09\/ana-300x185.jpg 300w, https:\/\/taula.eus\/wp-content\/uploads\/2023\/09\/ana-768x474.jpg 768w, https:\/\/taula.eus\/wp-content\/uploads\/2023\/09\/ana.jpg 1248w\" sizes=\"auto, (max-width: 1024px) 100vw, 1024px\" \/><\/figure>\n\n\n\n<figure class=\"wp-block-image size-large\"><img loading=\"lazy\" decoding=\"async\" width=\"683\" height=\"1024\" data-id=\"328\" src=\"https:\/\/taula.eus\/wp-content\/uploads\/2023\/09\/getari-683x1024.jpg\" alt=\"\" class=\"wp-image-328\" srcset=\"https:\/\/taula.eus\/wp-content\/uploads\/2023\/09\/getari-683x1024.jpg 683w, https:\/\/taula.eus\/wp-content\/uploads\/2023\/09\/getari-200x300.jpg 200w, https:\/\/taula.eus\/wp-content\/uploads\/2023\/09\/getari-768x1152.jpg 768w, https:\/\/taula.eus\/wp-content\/uploads\/2023\/09\/getari.jpg 800w\" sizes=\"auto, (max-width: 683px) 100vw, 683px\" \/><\/figure>\n\n\n\n<figure class=\"wp-block-image size-large\"><img loading=\"lazy\" decoding=\"async\" width=\"475\" height=\"460\" data-id=\"329\" src=\"https:\/\/taula.eus\/wp-content\/uploads\/2023\/09\/leire.jpg\" alt=\"\" class=\"wp-image-329\" srcset=\"https:\/\/taula.eus\/wp-content\/uploads\/2023\/09\/leire.jpg 475w, https:\/\/taula.eus\/wp-content\/uploads\/2023\/09\/leire-300x291.jpg 300w\" sizes=\"auto, (max-width: 475px) 100vw, 475px\" \/><\/figure>\n\n\n\n<figure class=\"wp-block-image size-large\"><img loading=\"lazy\" decoding=\"async\" width=\"460\" height=\"367\" data-id=\"330\" src=\"https:\/\/taula.eus\/wp-content\/uploads\/2023\/09\/nerea.jpg\" alt=\"\" class=\"wp-image-330\" srcset=\"https:\/\/taula.eus\/wp-content\/uploads\/2023\/09\/nerea.jpg 460w, https:\/\/taula.eus\/wp-content\/uploads\/2023\/09\/nerea-300x239.jpg 300w\" sizes=\"auto, (max-width: 460px) 100vw, 460px\" \/><\/figure>\n<\/figure>\n<\/div><\/div>\n\n\n\n<div class=\"wp-block-uagb-container uagb-block-999cd3e6 alignfull uagb-is-root-container\"><div class=\"uagb-container-inner-blocks-wrap\">\n<div class=\"wp-block-uagb-advanced-heading uagb-block-1fc64f5c\"><h3 class=\"uagb-heading-text\">Material<\/h3><div class=\"uagb-separator\"><\/div><\/div>\n\n\n\n<div class=\"wp-block-columns is-layout-flex wp-container-core-columns-is-layout-28f84493 wp-block-columns-is-layout-flex\">\n<div class=\"wp-block-column is-layout-flow wp-block-column-is-layout-flow\">\n<div class=\"wp-block-buttons is-content-justification-center is-layout-flex wp-container-core-buttons-is-layout-a89b3969 wp-block-buttons-is-layout-flex\">\n<div class=\"wp-block-button\"><a class=\"wp-block-button__link has-text-align-center wp-element-button\">Dossier<\/a><\/div>\n\n\n\n<div class=\"wp-block-button\"><a class=\"wp-block-button__link wp-element-button\">Teaser<\/a><\/div>\n\n\n\n<div class=\"wp-block-button\"><a class=\"wp-block-button__link wp-element-button\" href=\"https:\/\/taula.eus\/es\/kontaktua-contacto\/\">Info<\/a><\/div>\n<\/div>\n<\/div>\n<\/div>\n<\/div><\/div>","protected":false},"excerpt":{"rendered":"<p>BIZARRAK 2.0. Fitxa artistikoa Zuzendaritza: Getari EtxegaraiAntzezleak: Getari Etxegarai y otras tres actrices rotativasKudeaketa eta banaketa: Taula Emakumeok ere gure bizarrak ditugu eta ezkutatzeari utzi nahi diogu.Libreki txukundu ahal izateko lekuak behar ditugu, mundua hankaz gora jartzeko besterik ez bada ere. Bizarrak 2.0 umore eta aldarrikapen handiko bakarrizketa eta txareten ikuskizuna da. Bertan, emakumeek husteko [&hellip;]<\/p>\n","protected":false},"author":1,"featured_media":0,"parent":701,"menu_order":0,"comment_status":"closed","ping_status":"closed","template":"","meta":{"_uag_custom_page_level_css":"","site-sidebar-layout":"no-sidebar","site-content-layout":"plain-container","ast-site-content-layout":"normal-width-container","site-content-style":"unboxed","site-sidebar-style":"unboxed","ast-global-header-display":"","ast-banner-title-visibility":"","ast-main-header-display":"","ast-hfb-above-header-display":"","ast-hfb-below-header-display":"","ast-hfb-mobile-header-display":"","site-post-title":"disabled","ast-breadcrumbs-content":"","ast-featured-img":"","footer-sml-layout":"","ast-disable-related-posts":"","theme-transparent-header-meta":"enabled","adv-header-id-meta":"","stick-header-meta":"","header-above-stick-meta":"","header-main-stick-meta":"","header-below-stick-meta":"","astra-migrate-meta-layouts":"set","ast-page-background-enabled":"default","ast-page-background-meta":{"desktop":{"background-color":"","background-image":"","background-repeat":"repeat","background-position":"center center","background-size":"auto","background-attachment":"scroll","background-type":"","background-media":"","overlay-type":"","overlay-color":"","overlay-opacity":"","overlay-gradient":""},"tablet":{"background-color":"","background-image":"","background-repeat":"repeat","background-position":"center center","background-size":"auto","background-attachment":"scroll","background-type":"","background-media":"","overlay-type":"","overlay-color":"","overlay-opacity":"","overlay-gradient":""},"mobile":{"background-color":"","background-image":"","background-repeat":"repeat","background-position":"center center","background-size":"auto","background-attachment":"scroll","background-type":"","background-media":"","overlay-type":"","overlay-color":"","overlay-opacity":"","overlay-gradient":""}},"ast-content-background-meta":{"desktop":{"background-color":"var(--ast-global-color-5)","background-image":"","background-repeat":"repeat","background-position":"center center","background-size":"auto","background-attachment":"scroll","background-type":"","background-media":"","overlay-type":"","overlay-color":"","overlay-opacity":"","overlay-gradient":""},"tablet":{"background-color":"var(--ast-global-color-5)","background-image":"","background-repeat":"repeat","background-position":"center center","background-size":"auto","background-attachment":"scroll","background-type":"","background-media":"","overlay-type":"","overlay-color":"","overlay-opacity":"","overlay-gradient":""},"mobile":{"background-color":"var(--ast-global-color-5)","background-image":"","background-repeat":"repeat","background-position":"center center","background-size":"auto","background-attachment":"scroll","background-type":"","background-media":"","overlay-type":"","overlay-color":"","overlay-opacity":"","overlay-gradient":""}},"_mc_calendar":[],"footnotes":""},"class_list":["post-764","page","type-page","status-publish","hentry"],"uagb_featured_image_src":{"full":false,"thumbnail":false,"medium":false,"medium_large":false,"large":false,"1536x1536":false,"2048x2048":false,"trp-custom-language-flag":false},"uagb_author_info":{"display_name":"Markel Ganboa","author_link":"https:\/\/taula.eus\/es\/author\/admin\/"},"uagb_comment_info":0,"uagb_excerpt":"BIZARRAK 2.0. Fitxa artistikoa Zuzendaritza: Getari EtxegaraiAntzezleak: Getari Etxegarai y otras tres actrices rotativasKudeaketa eta banaketa: Taula Emakumeok ere gure bizarrak ditugu eta ezkutatzeari utzi nahi diogu.Libreki txukundu ahal izateko lekuak behar ditugu, mundua hankaz gora jartzeko besterik ez bada ere. Bizarrak 2.0 umore eta aldarrikapen handiko bakarrizketa eta txareten ikuskizuna da. Bertan, emakumeek husteko&hellip;","_links":{"self":[{"href":"https:\/\/taula.eus\/es\/wp-json\/wp\/v2\/pages\/764","targetHints":{"allow":["GET"]}}],"collection":[{"href":"https:\/\/taula.eus\/es\/wp-json\/wp\/v2\/pages"}],"about":[{"href":"https:\/\/taula.eus\/es\/wp-json\/wp\/v2\/types\/page"}],"author":[{"embeddable":true,"href":"https:\/\/taula.eus\/es\/wp-json\/wp\/v2\/users\/1"}],"replies":[{"embeddable":true,"href":"https:\/\/taula.eus\/es\/wp-json\/wp\/v2\/comments?post=764"}],"version-history":[{"count":7,"href":"https:\/\/taula.eus\/es\/wp-json\/wp\/v2\/pages\/764\/revisions"}],"predecessor-version":[{"id":1236,"href":"https:\/\/taula.eus\/es\/wp-json\/wp\/v2\/pages\/764\/revisions\/1236"}],"up":[{"embeddable":true,"href":"https:\/\/taula.eus\/es\/wp-json\/wp\/v2\/pages\/701"}],"wp:attachment":[{"href":"https:\/\/taula.eus\/es\/wp-json\/wp\/v2\/media?parent=764"}],"curies":[{"name":"wp","href":"https:\/\/api.w.org\/{rel}","templated":true}]}}