{"id":776,"date":"2024-02-26T19:57:35","date_gmt":"2024-02-26T19:57:35","guid":{"rendered":"https:\/\/taula.eus\/?page_id=776"},"modified":"2025-06-09T16:04:34","modified_gmt":"2025-06-09T16:04:34","slug":"jaula-de-vapor","status":"publish","type":"page","link":"https:\/\/taula.eus\/es\/ikus-entzunezkoak\/jaula-de-vapor\/","title":{"rendered":"JAULA DE VAPOR"},"content":{"rendered":"<div class=\"wp-block-uagb-container uagb-block-fe71931f alignfull uagb-is-root-container\"><div class=\"uagb-container-inner-blocks-wrap\">\n<div class=\"wp-block-uagb-advanced-heading uagb-block-92239a8e\"><h1 class=\"uagb-heading-text\">JAULA DE VAPOR<\/h1><\/div>\n<\/div><\/div>\n\n\n\n<div class=\"wp-block-uagb-container uagb-block-31ec3615 alignfull uagb-is-root-container\"><div class=\"uagb-container-inner-blocks-wrap\">\n<div class=\"wp-block-uagb-container uagb-block-43436432\">\n<figure class=\"wp-block-image size-large is-resized\"><img loading=\"lazy\" decoding=\"async\" width=\"1024\" height=\"683\" src=\"https:\/\/taula.eus\/wp-content\/uploads\/2023\/06\/DSC_3532-1024x683.jpg\" alt=\"\" class=\"wp-image-254\" style=\"width:273px;height:auto\" srcset=\"https:\/\/taula.eus\/wp-content\/uploads\/2023\/06\/DSC_3532-1024x683.jpg 1024w, https:\/\/taula.eus\/wp-content\/uploads\/2023\/06\/DSC_3532-300x200.jpg 300w, https:\/\/taula.eus\/wp-content\/uploads\/2023\/06\/DSC_3532-768x512.jpg 768w, https:\/\/taula.eus\/wp-content\/uploads\/2023\/06\/DSC_3532-1536x1024.jpg 1536w, https:\/\/taula.eus\/wp-content\/uploads\/2023\/06\/DSC_3532-2048x1365.jpg 2048w\" sizes=\"auto, (max-width: 1024px) 100vw, 1024px\" \/><\/figure>\n\n\n\n<div class=\"wp-block-uagb-advanced-heading uagb-block-aba220df\"><h3 class=\"uagb-heading-text\">Ficha art\u00edstica<\/h3><div class=\"uagb-separator\"><\/div><p class=\"uagb-desc-text\"><strong>Guion original:<\/strong>&nbsp;Galder P\u00e9rez<br><strong>Adaptaci\u00f3n y direcci\u00f3n:<\/strong>&nbsp;Diego A. Collat<br><strong>Ayudante de direcci\u00f3n:&nbsp;<\/strong>Aitor Alvarez<br><strong>Direcci\u00f3n de producci\u00f3n:<\/strong>&nbsp;Markel Ganboa<br><strong>Jefatura de producci\u00f3n:<\/strong>&nbsp;Ainhoa Orbegozo<br><strong>Producci\u00f3n&nbsp;<\/strong>Carla Barillas &amp; Andoni Magdaleno<br><strong>Direcci\u00f3n de fotograf\u00eda:<\/strong>&nbsp;Jon Salegi<br><strong>Jefe de sonido:<\/strong>&nbsp;&#8212;<br><strong>Postproducci\u00f3n de sonido:&nbsp;<\/strong>Iker Villa<br><strong>Composici\u00f3n:&nbsp;<\/strong>STR<\/p><\/div>\n\n\n\n<div class=\"wp-block-uagb-advanced-heading uagb-block-5bef4db0\"><h4 class=\"uagb-heading-text\">Fase de preproducci\u00f3n<\/h4><div class=\"uagb-separator\"><\/div><p class=\"uagb-desc-text\"><strong>Lugar de rodaje<\/strong><strong>:&nbsp;<\/strong>Pa\u00eds Vasco<br><strong>A\u00f1o de producci\u00f3n:&nbsp;<\/strong>\u2014<br><strong>Genero:&nbsp;<\/strong>\u2014<br><strong>Duraci\u00f3n:&nbsp;<\/strong>\u2014<br><strong>Pa\u00eds:&nbsp;<\/strong>Espa\u00f1a<\/p><\/div>\n<\/div>\n\n\n\n<p>Nochebuena. Un encuentro fortuito en una sauna gay. Entre vapores se mezclar\u00e1n deseos, fiesta, frustraciones, atracciones sexuales, poder y otras muchas cuestiones. Lo que empieza siendo una noche de paz y buenos augurios pronto pasar\u00e1 a ser escenario de un tri\u00e1ngulo amoroso del que ninguno de los tres protagonistas podr\u00e1 salir.<\/p>\n<\/div><\/div>\n\n\n\n<div class=\"wp-block-uagb-container uagb-block-6706cfa8 alignfull uagb-is-root-container\"><div class=\"uagb-container-inner-blocks-wrap\">\n<div class=\"wp-block-uagb-advanced-heading uagb-block-9669b351\"><h4 class=\"uagb-heading-text\">Premios<\/h4><div class=\"uagb-separator\"><\/div><p class=\"uagb-desc-text\"><strong>SANTURZINE 2022<br><\/strong>II foro de creaci\u00f3n \/ sorkuntza foroa <br><br><strong>ZG PRO 2023<\/strong><br>Hautatutako proiektua \/ Proyecto seleccionado<\/p><\/div>\n\n\n\n<figure class=\"wp-block-gallery has-nested-images columns-default is-cropped wp-block-gallery-1 is-layout-flex wp-block-gallery-is-layout-flex\">\n<figure class=\"wp-block-image size-large\"><img loading=\"lazy\" decoding=\"async\" width=\"1024\" height=\"683\" data-id=\"257\" src=\"https:\/\/taula.eus\/wp-content\/uploads\/2023\/06\/DSC_3400-1024x683.jpg\" alt=\"\" class=\"wp-image-257\" srcset=\"https:\/\/taula.eus\/wp-content\/uploads\/2023\/06\/DSC_3400-1024x683.jpg 1024w, https:\/\/taula.eus\/wp-content\/uploads\/2023\/06\/DSC_3400-300x200.jpg 300w, https:\/\/taula.eus\/wp-content\/uploads\/2023\/06\/DSC_3400-768x512.jpg 768w, https:\/\/taula.eus\/wp-content\/uploads\/2023\/06\/DSC_3400-1536x1024.jpg 1536w, https:\/\/taula.eus\/wp-content\/uploads\/2023\/06\/DSC_3400-2048x1365.jpg 2048w\" sizes=\"auto, (max-width: 1024px) 100vw, 1024px\" \/><\/figure>\n\n\n\n<figure class=\"wp-block-image size-large\"><img loading=\"lazy\" decoding=\"async\" width=\"1024\" height=\"683\" data-id=\"256\" src=\"https:\/\/taula.eus\/wp-content\/uploads\/2023\/06\/DSC_3590-1024x683.jpg\" alt=\"\" class=\"wp-image-256\" srcset=\"https:\/\/taula.eus\/wp-content\/uploads\/2023\/06\/DSC_3590-1024x683.jpg 1024w, https:\/\/taula.eus\/wp-content\/uploads\/2023\/06\/DSC_3590-300x200.jpg 300w, https:\/\/taula.eus\/wp-content\/uploads\/2023\/06\/DSC_3590-768x512.jpg 768w, https:\/\/taula.eus\/wp-content\/uploads\/2023\/06\/DSC_3590-1536x1024.jpg 1536w, https:\/\/taula.eus\/wp-content\/uploads\/2023\/06\/DSC_3590-2048x1365.jpg 2048w\" sizes=\"auto, (max-width: 1024px) 100vw, 1024px\" \/><\/figure>\n\n\n\n<figure class=\"wp-block-image size-large\"><img loading=\"lazy\" decoding=\"async\" width=\"1024\" height=\"683\" data-id=\"255\" src=\"https:\/\/taula.eus\/wp-content\/uploads\/2023\/06\/DSC_3422-1024x683.jpg\" alt=\"\" class=\"wp-image-255\" srcset=\"https:\/\/taula.eus\/wp-content\/uploads\/2023\/06\/DSC_3422-1024x683.jpg 1024w, https:\/\/taula.eus\/wp-content\/uploads\/2023\/06\/DSC_3422-300x200.jpg 300w, https:\/\/taula.eus\/wp-content\/uploads\/2023\/06\/DSC_3422-768x512.jpg 768w, https:\/\/taula.eus\/wp-content\/uploads\/2023\/06\/DSC_3422-1536x1024.jpg 1536w, https:\/\/taula.eus\/wp-content\/uploads\/2023\/06\/DSC_3422-2048x1365.jpg 2048w\" sizes=\"auto, (max-width: 1024px) 100vw, 1024px\" \/><\/figure>\n\n\n\n<figure class=\"wp-block-image size-large\"><img loading=\"lazy\" decoding=\"async\" width=\"1024\" height=\"683\" data-id=\"254\" src=\"https:\/\/taula.eus\/wp-content\/uploads\/2023\/06\/DSC_3532-1024x683.jpg\" alt=\"\" class=\"wp-image-254\" srcset=\"https:\/\/taula.eus\/wp-content\/uploads\/2023\/06\/DSC_3532-1024x683.jpg 1024w, https:\/\/taula.eus\/wp-content\/uploads\/2023\/06\/DSC_3532-300x200.jpg 300w, https:\/\/taula.eus\/wp-content\/uploads\/2023\/06\/DSC_3532-768x512.jpg 768w, https:\/\/taula.eus\/wp-content\/uploads\/2023\/06\/DSC_3532-1536x1024.jpg 1536w, https:\/\/taula.eus\/wp-content\/uploads\/2023\/06\/DSC_3532-2048x1365.jpg 2048w\" sizes=\"auto, (max-width: 1024px) 100vw, 1024px\" \/><\/figure>\n\n\n\n<figure class=\"wp-block-image size-large\"><img loading=\"lazy\" decoding=\"async\" width=\"1024\" height=\"683\" data-id=\"258\" src=\"https:\/\/taula.eus\/wp-content\/uploads\/2023\/06\/DSC_3447-1024x683.jpg\" alt=\"\" class=\"wp-image-258\" srcset=\"https:\/\/taula.eus\/wp-content\/uploads\/2023\/06\/DSC_3447-1024x683.jpg 1024w, https:\/\/taula.eus\/wp-content\/uploads\/2023\/06\/DSC_3447-300x200.jpg 300w, https:\/\/taula.eus\/wp-content\/uploads\/2023\/06\/DSC_3447-768x512.jpg 768w, https:\/\/taula.eus\/wp-content\/uploads\/2023\/06\/DSC_3447-1536x1024.jpg 1536w, https:\/\/taula.eus\/wp-content\/uploads\/2023\/06\/DSC_3447-2048x1365.jpg 2048w\" sizes=\"auto, (max-width: 1024px) 100vw, 1024px\" \/><\/figure>\n<\/figure>\n<\/div><\/div>","protected":false},"excerpt":{"rendered":"<p>JAULA DE VAPOR Fitxa artistikoa Gidoi originala :&nbsp;Galder P\u00e9rezEgokitzea &amp; Zuzendaritza:&nbsp;Diego A. CollatZuzendaritza laguntzailea:&nbsp;Aitor AlvarezEkoizpen zuzendaria:&nbsp;Markel GanboaEkoizpen burua:&nbsp;Ainhoa OrbegozoEkoizpena:&nbsp;Carla Barillas &amp; Andoni MagdalenoArgazki zuzendaria:&nbsp;Jon SalegiSoinu burua:&nbsp;&#8212;Soinuaren postprodukzioa:&nbsp;Iker VillaKonposaketa:&nbsp;STR Aurreprodukzio fasea Filmatzeko lekua:&nbsp;Pa\u00eds VascoEkoizpen urtea:&nbsp;\u2014Generoa:&nbsp;\u2014Iraupena:&nbsp;\u2014Herria:&nbsp;Espa\u00f1a Gabon gaua. Ezusteko topaketa sauna gay batean. Lurrunen artean, desioak, festa, frustrazioak, sexu-erakarpenak, boterea eta beste hainbat kontu nahastuko dira. Bakezko [&hellip;]<\/p>\n","protected":false},"author":1,"featured_media":0,"parent":720,"menu_order":0,"comment_status":"closed","ping_status":"closed","template":"","meta":{"_uag_custom_page_level_css":"","site-sidebar-layout":"no-sidebar","site-content-layout":"plain-container","ast-site-content-layout":"normal-width-container","site-content-style":"unboxed","site-sidebar-style":"unboxed","ast-global-header-display":"","ast-banner-title-visibility":"","ast-main-header-display":"","ast-hfb-above-header-display":"","ast-hfb-below-header-display":"","ast-hfb-mobile-header-display":"","site-post-title":"disabled","ast-breadcrumbs-content":"","ast-featured-img":"","footer-sml-layout":"","ast-disable-related-posts":"","theme-transparent-header-meta":"enabled","adv-header-id-meta":"","stick-header-meta":"","header-above-stick-meta":"","header-main-stick-meta":"","header-below-stick-meta":"","astra-migrate-meta-layouts":"set","ast-page-background-enabled":"default","ast-page-background-meta":{"desktop":{"background-color":"","background-image":"","background-repeat":"repeat","background-position":"center center","background-size":"auto","background-attachment":"scroll","background-type":"","background-media":"","overlay-type":"","overlay-color":"","overlay-opacity":"","overlay-gradient":""},"tablet":{"background-color":"","background-image":"","background-repeat":"repeat","background-position":"center center","background-size":"auto","background-attachment":"scroll","background-type":"","background-media":"","overlay-type":"","overlay-color":"","overlay-opacity":"","overlay-gradient":""},"mobile":{"background-color":"","background-image":"","background-repeat":"repeat","background-position":"center center","background-size":"auto","background-attachment":"scroll","background-type":"","background-media":"","overlay-type":"","overlay-color":"","overlay-opacity":"","overlay-gradient":""}},"ast-content-background-meta":{"desktop":{"background-color":"var(--ast-global-color-5)","background-image":"","background-repeat":"repeat","background-position":"center center","background-size":"auto","background-attachment":"scroll","background-type":"","background-media":"","overlay-type":"","overlay-color":"","overlay-opacity":"","overlay-gradient":""},"tablet":{"background-color":"var(--ast-global-color-5)","background-image":"","background-repeat":"repeat","background-position":"center center","background-size":"auto","background-attachment":"scroll","background-type":"","background-media":"","overlay-type":"","overlay-color":"","overlay-opacity":"","overlay-gradient":""},"mobile":{"background-color":"var(--ast-global-color-5)","background-image":"","background-repeat":"repeat","background-position":"center center","background-size":"auto","background-attachment":"scroll","background-type":"","background-media":"","overlay-type":"","overlay-color":"","overlay-opacity":"","overlay-gradient":""}},"_mc_calendar":[],"footnotes":""},"class_list":["post-776","page","type-page","status-publish","hentry"],"uagb_featured_image_src":{"full":false,"thumbnail":false,"medium":false,"medium_large":false,"large":false,"1536x1536":false,"2048x2048":false,"trp-custom-language-flag":false},"uagb_author_info":{"display_name":"Markel Ganboa","author_link":"https:\/\/taula.eus\/es\/author\/admin\/"},"uagb_comment_info":0,"uagb_excerpt":"JAULA DE VAPOR Fitxa artistikoa Gidoi originala :&nbsp;Galder P\u00e9rezEgokitzea &amp; Zuzendaritza:&nbsp;Diego A. CollatZuzendaritza laguntzailea:&nbsp;Aitor AlvarezEkoizpen zuzendaria:&nbsp;Markel GanboaEkoizpen burua:&nbsp;Ainhoa OrbegozoEkoizpena:&nbsp;Carla Barillas &amp; Andoni MagdalenoArgazki zuzendaria:&nbsp;Jon SalegiSoinu burua:&nbsp;&#8212;Soinuaren postprodukzioa:&nbsp;Iker VillaKonposaketa:&nbsp;STR Aurreprodukzio fasea Filmatzeko lekua:&nbsp;Pa\u00eds VascoEkoizpen urtea:&nbsp;\u2014Generoa:&nbsp;\u2014Iraupena:&nbsp;\u2014Herria:&nbsp;Espa\u00f1a Gabon gaua. Ezusteko topaketa sauna gay batean. Lurrunen artean, desioak, festa, frustrazioak, sexu-erakarpenak, boterea eta beste hainbat kontu nahastuko dira. Bakezko&hellip;","_links":{"self":[{"href":"https:\/\/taula.eus\/es\/wp-json\/wp\/v2\/pages\/776","targetHints":{"allow":["GET"]}}],"collection":[{"href":"https:\/\/taula.eus\/es\/wp-json\/wp\/v2\/pages"}],"about":[{"href":"https:\/\/taula.eus\/es\/wp-json\/wp\/v2\/types\/page"}],"author":[{"embeddable":true,"href":"https:\/\/taula.eus\/es\/wp-json\/wp\/v2\/users\/1"}],"replies":[{"embeddable":true,"href":"https:\/\/taula.eus\/es\/wp-json\/wp\/v2\/comments?post=776"}],"version-history":[{"count":7,"href":"https:\/\/taula.eus\/es\/wp-json\/wp\/v2\/pages\/776\/revisions"}],"predecessor-version":[{"id":1252,"href":"https:\/\/taula.eus\/es\/wp-json\/wp\/v2\/pages\/776\/revisions\/1252"}],"up":[{"embeddable":true,"href":"https:\/\/taula.eus\/es\/wp-json\/wp\/v2\/pages\/720"}],"wp:attachment":[{"href":"https:\/\/taula.eus\/es\/wp-json\/wp\/v2\/media?parent=776"}],"curies":[{"name":"wp","href":"https:\/\/api.w.org\/{rel}","templated":true}]}}