{"id":781,"date":"2024-02-26T20:38:31","date_gmt":"2024-02-26T20:38:31","guid":{"rendered":"https:\/\/taula.eus\/?page_id=781"},"modified":"2025-06-09T16:15:35","modified_gmt":"2025-06-09T16:15:35","slug":"mosquito","status":"publish","type":"page","link":"https:\/\/taula.eus\/es\/ikus-entzunezkoak\/mosquito\/","title":{"rendered":"MOSQUITO"},"content":{"rendered":"<div class=\"wp-block-uagb-container uagb-block-fe71931f alignfull uagb-is-root-container\"><div class=\"uagb-container-inner-blocks-wrap\">\n<div class=\"wp-block-uagb-advanced-heading uagb-block-92239a8e\"><h1 class=\"uagb-heading-text\">MOSQUITO<\/h1><\/div>\n\n\n\n<p class=\"has-text-align-center has-ast-global-color-8-color has-text-color has-link-color wp-elements-eb955f4962b841eb789877bc187bd8df\" style=\"font-size:35px\"><strong>Gachiro films, Pier 922 studios, Culturar-t<\/strong><\/p>\n<\/div><\/div>\n\n\n\n<div class=\"wp-block-uagb-container uagb-block-31ec3615 alignfull uagb-is-root-container\"><div class=\"uagb-container-inner-blocks-wrap\">\n<div class=\"wp-block-uagb-container uagb-block-43436432\">\n<figure class=\"wp-block-image size-large is-resized\"><img loading=\"lazy\" decoding=\"async\" width=\"576\" height=\"1024\" src=\"https:\/\/taula.eus\/wp-content\/uploads\/2023\/06\/poster_1920-576x1024.png\" alt=\"\" class=\"wp-image-244\" style=\"width:273px;height:auto\" srcset=\"https:\/\/taula.eus\/wp-content\/uploads\/2023\/06\/poster_1920-576x1024.png 576w, https:\/\/taula.eus\/wp-content\/uploads\/2023\/06\/poster_1920-169x300.png 169w, https:\/\/taula.eus\/wp-content\/uploads\/2023\/06\/poster_1920-768x1365.png 768w, https:\/\/taula.eus\/wp-content\/uploads\/2023\/06\/poster_1920-864x1536.png 864w, https:\/\/taula.eus\/wp-content\/uploads\/2023\/06\/poster_1920.png 1080w\" sizes=\"auto, (max-width: 576px) 100vw, 576px\" \/><\/figure>\n\n\n\n<div class=\"wp-block-uagb-advanced-heading uagb-block-aba220df\"><h3 class=\"uagb-heading-text\">Ficha art\u00edstica<\/h3><div class=\"uagb-separator\"><\/div><p class=\"uagb-desc-text\"><strong>Productoras:&nbsp;<\/strong>Gachiro Films, Pier 922 Studios, Culturar-t<br><strong>Guion:&nbsp;<\/strong>Rub\u00e9n \u00c1vila, David R. Losada<br><strong>Int\u00e9rpretes:&nbsp;<\/strong>Marta Fuenar, Mikel Arostegui<br><strong>Direcci\u00f3n:&nbsp;<\/strong>David R. Losada<br><strong>Ayudante de direcci\u00f3n<\/strong>: Iker Campos<br><strong>Script<\/strong>: Arai Ruiz<br><strong>Direcci\u00f3n de fotograf\u00eda:&nbsp;<\/strong>Cristina Campos<br><strong>Ayudante de c\u00e1mara:&nbsp;<\/strong>Claudia Arquero<br><strong>Gaffer<\/strong>: Gaby Garc\u00eda<br><strong>DIT<\/strong>: Diego Collat<br><strong>Directora de arte:&nbsp;<\/strong>Noem\u00ed Chico<br><strong>Direcci\u00f3n de producci\u00f3n:<\/strong>&nbsp;Pablo Castillo<br><strong>Jefatura de producci\u00f3n:<\/strong>&nbsp;Markel Ganboa<br><strong>Ayudantes de producci\u00f3n&nbsp;<\/strong>Diego Collat, Ion Sadfi<br><strong>Auxiliar de producci\u00f3n:<\/strong>&nbsp;Daniel Felipe<br><strong>Maquillaje y peluquer\u00eda:&nbsp;<\/strong>Saioa Mart\u00edn<br><strong>Montaje:&nbsp;<\/strong>Jorge Luengo<br><strong>Etalonaje:<\/strong><strong>:<\/strong>&nbsp;Jorge Regidor<br><strong>VFX:<\/strong>&nbsp;Blas Oliet<br><strong>M\u00fasica:&nbsp;<\/strong>\u00d3scar \u00c1vila<br><strong>Bater\u00eda:<\/strong>&nbsp;Ritxi Fish<br><strong>Sonido:&nbsp;<\/strong>Pablo Castillo, Eduardo H. Garza<br><strong>Making Of<\/strong>: Haimar Marcos, Ekain Zabala<\/p><\/div>\n\n\n\n<div class=\"wp-block-uagb-advanced-heading uagb-block-5bef4db0\"><h4 class=\"uagb-heading-text\">Presentado<\/h4><div class=\"uagb-separator\"><\/div><p class=\"uagb-desc-text\"><strong>Lugar de rodaje<\/strong><strong>:&nbsp;<\/strong>Euskadi \/ Pa\u00eds Vasco<br><strong>A\u00f1o de producci\u00f3n:&nbsp;<\/strong>2023<br><strong>Genero:&nbsp;<\/strong>Fikzioa \/ Ficci\u00f3n<br><strong>Duraci\u00f3n:&nbsp;<\/strong>15\u2032<br><strong>Pa\u00eds:&nbsp;<\/strong>Espa\u00f1a<\/p><\/div>\n<\/div>\n\n\n\n<p>Un mosquito despierta a una pareja en mitad de la noche. \u00c9l quiere matarlo a toda costa. Ella madruga al d\u00eda siguiente y todo lo que quiere es dormir. Pronto resultar\u00e1 evidente que sus diferencias a la hora de ver la situaci\u00f3n no se limitan al mosquito\u2026<\/p>\n<\/div><\/div>\n\n\n\n<div class=\"wp-block-uagb-container uagb-block-6706cfa8 alignfull uagb-is-root-container\"><div class=\"uagb-container-inner-blocks-wrap\">\n<div class=\"wp-block-uagb-advanced-heading uagb-block-9669b351\"><h4 class=\"uagb-heading-text\">Premios<\/h4><div class=\"uagb-separator\"><\/div><p class=\"uagb-desc-text\"><strong>Menci\u00f3n Especial del Jurado<br><\/strong>Festival de Cine de Comedia Tarazona y Moncayo 2024<\/p><\/div>\n\n\n\n<figure class=\"wp-block-gallery has-nested-images columns-default is-cropped wp-block-gallery-1 is-layout-flex wp-block-gallery-is-layout-flex\">\n<figure class=\"wp-block-image size-large\"><img loading=\"lazy\" decoding=\"async\" width=\"1024\" height=\"684\" data-id=\"245\" src=\"https:\/\/taula.eus\/wp-content\/uploads\/2023\/06\/ION7664-1024x684.jpeg\" alt=\"\" class=\"wp-image-245\" srcset=\"https:\/\/taula.eus\/wp-content\/uploads\/2023\/06\/ION7664-1024x684.jpeg 1024w, https:\/\/taula.eus\/wp-content\/uploads\/2023\/06\/ION7664-300x200.jpeg 300w, https:\/\/taula.eus\/wp-content\/uploads\/2023\/06\/ION7664-768x513.jpeg 768w, https:\/\/taula.eus\/wp-content\/uploads\/2023\/06\/ION7664-1536x1025.jpeg 1536w, https:\/\/taula.eus\/wp-content\/uploads\/2023\/06\/ION7664-2048x1367.jpeg 2048w\" sizes=\"auto, (max-width: 1024px) 100vw, 1024px\" \/><\/figure>\n\n\n\n<figure class=\"wp-block-image size-large\"><img loading=\"lazy\" decoding=\"async\" width=\"1024\" height=\"684\" data-id=\"246\" src=\"https:\/\/taula.eus\/wp-content\/uploads\/2023\/06\/ION7674-1024x684.jpeg\" alt=\"\" class=\"wp-image-246\" srcset=\"https:\/\/taula.eus\/wp-content\/uploads\/2023\/06\/ION7674-1024x684.jpeg 1024w, https:\/\/taula.eus\/wp-content\/uploads\/2023\/06\/ION7674-300x200.jpeg 300w, https:\/\/taula.eus\/wp-content\/uploads\/2023\/06\/ION7674-768x513.jpeg 768w, https:\/\/taula.eus\/wp-content\/uploads\/2023\/06\/ION7674-1536x1025.jpeg 1536w, https:\/\/taula.eus\/wp-content\/uploads\/2023\/06\/ION7674-2048x1367.jpeg 2048w\" sizes=\"auto, (max-width: 1024px) 100vw, 1024px\" \/><\/figure>\n\n\n\n<figure class=\"wp-block-image size-large\"><img loading=\"lazy\" decoding=\"async\" width=\"1024\" height=\"684\" data-id=\"247\" src=\"https:\/\/taula.eus\/wp-content\/uploads\/2023\/06\/Copia-de-_ION8106-1024x684.jpeg\" alt=\"\" class=\"wp-image-247\" srcset=\"https:\/\/taula.eus\/wp-content\/uploads\/2023\/06\/Copia-de-_ION8106-1024x684.jpeg 1024w, https:\/\/taula.eus\/wp-content\/uploads\/2023\/06\/Copia-de-_ION8106-300x200.jpeg 300w, https:\/\/taula.eus\/wp-content\/uploads\/2023\/06\/Copia-de-_ION8106-768x513.jpeg 768w, https:\/\/taula.eus\/wp-content\/uploads\/2023\/06\/Copia-de-_ION8106-1536x1025.jpeg 1536w, https:\/\/taula.eus\/wp-content\/uploads\/2023\/06\/Copia-de-_ION8106-2048x1367.jpeg 2048w\" sizes=\"auto, (max-width: 1024px) 100vw, 1024px\" \/><\/figure>\n\n\n\n<figure class=\"wp-block-image size-large\"><img loading=\"lazy\" decoding=\"async\" width=\"1024\" height=\"684\" data-id=\"248\" src=\"https:\/\/taula.eus\/wp-content\/uploads\/2023\/06\/ION7740-1024x684.jpeg\" alt=\"\" class=\"wp-image-248\" srcset=\"https:\/\/taula.eus\/wp-content\/uploads\/2023\/06\/ION7740-1024x684.jpeg 1024w, https:\/\/taula.eus\/wp-content\/uploads\/2023\/06\/ION7740-300x200.jpeg 300w, https:\/\/taula.eus\/wp-content\/uploads\/2023\/06\/ION7740-768x513.jpeg 768w, https:\/\/taula.eus\/wp-content\/uploads\/2023\/06\/ION7740-1536x1025.jpeg 1536w, https:\/\/taula.eus\/wp-content\/uploads\/2023\/06\/ION7740-2048x1367.jpeg 2048w\" sizes=\"auto, (max-width: 1024px) 100vw, 1024px\" \/><\/figure>\n\n\n\n<figure class=\"wp-block-image size-large\"><img loading=\"lazy\" decoding=\"async\" width=\"1024\" height=\"684\" data-id=\"249\" src=\"https:\/\/taula.eus\/wp-content\/uploads\/2023\/06\/ION8272-1024x684.jpeg\" alt=\"\" class=\"wp-image-249\" srcset=\"https:\/\/taula.eus\/wp-content\/uploads\/2023\/06\/ION8272-1024x684.jpeg 1024w, https:\/\/taula.eus\/wp-content\/uploads\/2023\/06\/ION8272-300x200.jpeg 300w, https:\/\/taula.eus\/wp-content\/uploads\/2023\/06\/ION8272-768x513.jpeg 768w, https:\/\/taula.eus\/wp-content\/uploads\/2023\/06\/ION8272-1536x1025.jpeg 1536w, https:\/\/taula.eus\/wp-content\/uploads\/2023\/06\/ION8272-2048x1367.jpeg 2048w\" sizes=\"auto, (max-width: 1024px) 100vw, 1024px\" \/><\/figure>\n<\/figure>\n<\/div><\/div>","protected":false},"excerpt":{"rendered":"<p>MOSQUITO Gachiro films, Pier 922 studios, Culturar-t Fitxa artistikoa Ekoiz etxeak:&nbsp;Gachiro Films, Pier 922 Studios, Culturar-tGidoia :&nbsp;Rub\u00e9n \u00c1vila, David R. LosadaAntzezleak:&nbsp;Marta Fuenar, Mikel ArosteguiZuzendaria:&nbsp;David R. LosadaZuzendari laguntzailea: Iker CamposScript: Arai RuizArgazki zuzendaria:&nbsp;Cristina CamposKamera laguntzailea:&nbsp;Claudia ArqueroGaffer: Gaby Garc\u00edaDIT: Diego CollatArte zuzendaria:&nbsp;Noem\u00ed ChicoEkoizpen zuzendaria:&nbsp;Pablo CastilloEkoizpen burua:&nbsp;Markel GanboaEkoizpen laguntzailea:&nbsp;Diego Collat, Ion SadfiEkoizpen auxiliarra:&nbsp;Daniel FelipeMakillajea eta ile-apaintzailea:&nbsp;Saioa Mart\u00ednMontajea:&nbsp;Jorge LuengoEtalonajea:&nbsp;Jorge [&hellip;]<\/p>\n","protected":false},"author":1,"featured_media":0,"parent":720,"menu_order":0,"comment_status":"closed","ping_status":"closed","template":"","meta":{"_uag_custom_page_level_css":"","site-sidebar-layout":"no-sidebar","site-content-layout":"plain-container","ast-site-content-layout":"normal-width-container","site-content-style":"unboxed","site-sidebar-style":"unboxed","ast-global-header-display":"","ast-banner-title-visibility":"","ast-main-header-display":"","ast-hfb-above-header-display":"","ast-hfb-below-header-display":"","ast-hfb-mobile-header-display":"","site-post-title":"disabled","ast-breadcrumbs-content":"","ast-featured-img":"","footer-sml-layout":"","ast-disable-related-posts":"","theme-transparent-header-meta":"enabled","adv-header-id-meta":"","stick-header-meta":"","header-above-stick-meta":"","header-main-stick-meta":"","header-below-stick-meta":"","astra-migrate-meta-layouts":"set","ast-page-background-enabled":"default","ast-page-background-meta":{"desktop":{"background-color":"","background-image":"","background-repeat":"repeat","background-position":"center center","background-size":"auto","background-attachment":"scroll","background-type":"","background-media":"","overlay-type":"","overlay-color":"","overlay-opacity":"","overlay-gradient":""},"tablet":{"background-color":"","background-image":"","background-repeat":"repeat","background-position":"center center","background-size":"auto","background-attachment":"scroll","background-type":"","background-media":"","overlay-type":"","overlay-color":"","overlay-opacity":"","overlay-gradient":""},"mobile":{"background-color":"","background-image":"","background-repeat":"repeat","background-position":"center center","background-size":"auto","background-attachment":"scroll","background-type":"","background-media":"","overlay-type":"","overlay-color":"","overlay-opacity":"","overlay-gradient":""}},"ast-content-background-meta":{"desktop":{"background-color":"var(--ast-global-color-5)","background-image":"","background-repeat":"repeat","background-position":"center center","background-size":"auto","background-attachment":"scroll","background-type":"","background-media":"","overlay-type":"","overlay-color":"","overlay-opacity":"","overlay-gradient":""},"tablet":{"background-color":"var(--ast-global-color-5)","background-image":"","background-repeat":"repeat","background-position":"center center","background-size":"auto","background-attachment":"scroll","background-type":"","background-media":"","overlay-type":"","overlay-color":"","overlay-opacity":"","overlay-gradient":""},"mobile":{"background-color":"var(--ast-global-color-5)","background-image":"","background-repeat":"repeat","background-position":"center center","background-size":"auto","background-attachment":"scroll","background-type":"","background-media":"","overlay-type":"","overlay-color":"","overlay-opacity":"","overlay-gradient":""}},"_mc_calendar":[],"footnotes":""},"class_list":["post-781","page","type-page","status-publish","hentry"],"uagb_featured_image_src":{"full":false,"thumbnail":false,"medium":false,"medium_large":false,"large":false,"1536x1536":false,"2048x2048":false,"trp-custom-language-flag":false},"uagb_author_info":{"display_name":"Markel Ganboa","author_link":"https:\/\/taula.eus\/es\/author\/admin\/"},"uagb_comment_info":0,"uagb_excerpt":"MOSQUITO Gachiro films, Pier 922 studios, Culturar-t Fitxa artistikoa Ekoiz etxeak:&nbsp;Gachiro Films, Pier 922 Studios, Culturar-tGidoia :&nbsp;Rub\u00e9n \u00c1vila, David R. LosadaAntzezleak:&nbsp;Marta Fuenar, Mikel ArosteguiZuzendaria:&nbsp;David R. LosadaZuzendari laguntzailea: Iker CamposScript: Arai RuizArgazki zuzendaria:&nbsp;Cristina CamposKamera laguntzailea:&nbsp;Claudia ArqueroGaffer: Gaby Garc\u00edaDIT: Diego CollatArte zuzendaria:&nbsp;Noem\u00ed ChicoEkoizpen zuzendaria:&nbsp;Pablo CastilloEkoizpen burua:&nbsp;Markel GanboaEkoizpen laguntzailea:&nbsp;Diego Collat, Ion SadfiEkoizpen auxiliarra:&nbsp;Daniel FelipeMakillajea eta ile-apaintzailea:&nbsp;Saioa Mart\u00ednMontajea:&nbsp;Jorge LuengoEtalonajea:&nbsp;Jorge&hellip;","_links":{"self":[{"href":"https:\/\/taula.eus\/es\/wp-json\/wp\/v2\/pages\/781","targetHints":{"allow":["GET"]}}],"collection":[{"href":"https:\/\/taula.eus\/es\/wp-json\/wp\/v2\/pages"}],"about":[{"href":"https:\/\/taula.eus\/es\/wp-json\/wp\/v2\/types\/page"}],"author":[{"embeddable":true,"href":"https:\/\/taula.eus\/es\/wp-json\/wp\/v2\/users\/1"}],"replies":[{"embeddable":true,"href":"https:\/\/taula.eus\/es\/wp-json\/wp\/v2\/comments?post=781"}],"version-history":[{"count":6,"href":"https:\/\/taula.eus\/es\/wp-json\/wp\/v2\/pages\/781\/revisions"}],"predecessor-version":[{"id":1256,"href":"https:\/\/taula.eus\/es\/wp-json\/wp\/v2\/pages\/781\/revisions\/1256"}],"up":[{"embeddable":true,"href":"https:\/\/taula.eus\/es\/wp-json\/wp\/v2\/pages\/720"}],"wp:attachment":[{"href":"https:\/\/taula.eus\/es\/wp-json\/wp\/v2\/media?parent=781"}],"curies":[{"name":"wp","href":"https:\/\/api.w.org\/{rel}","templated":true}]}}