{"id":784,"date":"2024-02-26T20:41:18","date_gmt":"2024-02-26T20:41:18","guid":{"rendered":"https:\/\/taula.eus\/?page_id=784"},"modified":"2025-06-09T16:19:55","modified_gmt":"2025-06-09T16:19:55","slug":"el-caso-anak","status":"publish","type":"page","link":"https:\/\/taula.eus\/es\/ikus-entzunezkoak\/el-caso-anak\/","title":{"rendered":"EL CASO ANAK"},"content":{"rendered":"<div class=\"wp-block-uagb-container uagb-block-fe71931f alignfull uagb-is-root-container\"><div class=\"uagb-container-inner-blocks-wrap\">\n<div class=\"wp-block-uagb-advanced-heading uagb-block-92239a8e\"><h1 class=\"uagb-heading-text\">EL CASO ANAK<\/h1><\/div>\n\n\n\n<p class=\"has-text-align-center has-ast-global-color-8-color has-text-color has-link-color wp-elements-aa542782bec267d7d1dd7aa7da806a16\" style=\"font-size:35px\"><strong>Tania Garc\u00eda de Pedro<\/strong><\/p>\n<\/div><\/div>\n\n\n\n<div class=\"wp-block-uagb-container uagb-block-31ec3615 alignfull uagb-is-root-container\"><div class=\"uagb-container-inner-blocks-wrap\">\n<div class=\"wp-block-uagb-container uagb-block-43436432\">\n<figure class=\"wp-block-image size-large is-resized\"><img loading=\"lazy\" decoding=\"async\" width=\"720\" height=\"1024\" src=\"https:\/\/taula.eus\/wp-content\/uploads\/2023\/09\/El-caso-Anak-2022-720x1024.jpg\" alt=\"\" class=\"wp-image-319\" style=\"width:273px;height:auto\" srcset=\"https:\/\/taula.eus\/wp-content\/uploads\/2023\/09\/El-caso-Anak-2022-720x1024.jpg 720w, https:\/\/taula.eus\/wp-content\/uploads\/2023\/09\/El-caso-Anak-2022-211x300.jpg 211w, https:\/\/taula.eus\/wp-content\/uploads\/2023\/09\/El-caso-Anak-2022-768x1093.jpg 768w, https:\/\/taula.eus\/wp-content\/uploads\/2023\/09\/El-caso-Anak-2022.jpg 1000w\" sizes=\"auto, (max-width: 720px) 100vw, 720px\" \/><\/figure>\n\n\n\n<div class=\"wp-block-uagb-advanced-heading uagb-block-aba220df\"><h3 class=\"uagb-heading-text\">Ficha art\u00edstica<\/h3><div class=\"uagb-separator\"><\/div><p class=\"uagb-desc-text\"><strong>Int\u00e9rpretes:&nbsp;<\/strong>Xavier Leal, Mikel Su\u00e1rez, Diego Collat, Josh Ortiz de Zarate, I\u00f1aki Urrutia, Javier Tirado, Javier Alaiza, Vanessa Gonzalez.<br><strong>Direcci\u00f3n:&nbsp;<\/strong>Tania Garc\u00eda, Natalia Robles<br><strong>Ayudante de direcci\u00f3n<\/strong>: Ana Ib\u00e1\u00f1ez y Gerardo Tom\u00e9<br><strong>Script<\/strong>: Zuhaitz Campo<br><strong>Direcci\u00f3n de fotograf\u00eda:&nbsp;<\/strong>Edi Ferreira y Tania Garcia<br><strong>Ayudante de c\u00e1mara:&nbsp;<\/strong>Natalia de Dios<br><strong>Gaffer<\/strong>: Mikel Villegas<br><strong>El\u00e9ctricos:<\/strong>&nbsp;Izaskun Gutierrez<br><strong>Foquista:<\/strong>: Anna Clotet<br><strong>Arte:&nbsp;<\/strong>Silvia Jim\u00e9nez, Oscar Gutierrez<br><strong>Producci\u00f3n<\/strong>&nbsp;Aitor \u00c1lvarez, Ainhoa Orbegozo<br><strong>Maquillaje y peluquer\u00eda<\/strong><strong>:&nbsp;<\/strong>Julieta P\u00e9rez<br><strong>Vestuario:<\/strong>&nbsp;Jenifer Sebastian, Dayana Milagros<br><strong>Montaje:&nbsp;<\/strong>Natalia Robles, Tania Garcia<br><strong>Sonido:&nbsp;<\/strong>Adriana Rolloso, Asier Toledo<\/p><\/div>\n\n\n\n<div class=\"wp-block-uagb-advanced-heading uagb-block-5bef4db0\"><h4 class=\"uagb-heading-text\">Presentado<\/h4><div class=\"uagb-separator\"><\/div><p class=\"uagb-desc-text\"><strong>Lugar de rodaje<\/strong><strong>:&nbsp;<\/strong>Pa\u00eds Vasco<br><strong>A\u00f1o de producci\u00f3n:&nbsp;<\/strong>2022<br><strong>Genero:&nbsp;<\/strong>Drama<br><strong>Duraci\u00f3n:&nbsp;<\/strong>15\u2032<br><strong>Pa\u00eds:&nbsp;<\/strong>Espa\u00f1a<\/p><\/div>\n<\/div>\n\n\n\n<p>Siete hombres poderosos discuten c\u00f3mo resolver la mayor crisis de su empresa, que les puede llevar a la bancarrota. Mientras la reuni\u00f3n avanza la atm\u00f3sfera empieza a degenerarse inesperadamente, y los secretos y perversiones de estos hombres salen a la luz.<br><br>Siete hombres poderosos discuten c\u00f3mo resolver la mayor crisis de su empresa, que les puede llevar a la bancarrota. Mientras la reuni\u00f3n avanza la atm\u00f3sfera empieza a degenerarse inesperadamente, y los secretos y perversiones de estos hombres salen a la luz.<\/p>\n<\/div><\/div>\n\n\n\n<div class=\"wp-block-uagb-container uagb-block-6706cfa8 alignfull uagb-is-root-container\"><div class=\"uagb-container-inner-blocks-wrap\">\n<div class=\"wp-block-uagb-advanced-heading uagb-block-9669b351\"><h4 class=\"uagb-heading-text\">Premios<\/h4><div class=\"uagb-separator\"><\/div><p class=\"uagb-desc-text\"><strong>Mejor Actor a<\/strong>&nbsp;<strong>Javier Tirado&nbsp;<\/strong>en el 27 Festival La Fila de Cortometrajes<\/p><\/div>\n\n\n\n<figure class=\"wp-block-gallery has-nested-images columns-default is-cropped wp-block-gallery-1 is-layout-flex wp-block-gallery-is-layout-flex\">\n<figure class=\"wp-block-image size-large\"><img loading=\"lazy\" decoding=\"async\" width=\"1024\" height=\"576\" data-id=\"855\" src=\"https:\/\/taula.eus\/wp-content\/uploads\/2024\/03\/FOTOGRAMA_2-1-1024x576.png\" alt=\"\" class=\"wp-image-855\" srcset=\"https:\/\/taula.eus\/wp-content\/uploads\/2024\/03\/FOTOGRAMA_2-1-1024x576.png 1024w, https:\/\/taula.eus\/wp-content\/uploads\/2024\/03\/FOTOGRAMA_2-1-300x169.png 300w, https:\/\/taula.eus\/wp-content\/uploads\/2024\/03\/FOTOGRAMA_2-1-768x432.png 768w, https:\/\/taula.eus\/wp-content\/uploads\/2024\/03\/FOTOGRAMA_2-1-1536x864.png 1536w, https:\/\/taula.eus\/wp-content\/uploads\/2024\/03\/FOTOGRAMA_2-1.png 2048w\" sizes=\"auto, (max-width: 1024px) 100vw, 1024px\" \/><\/figure>\n\n\n\n<figure class=\"wp-block-image size-large\"><img loading=\"lazy\" decoding=\"async\" width=\"1024\" height=\"576\" data-id=\"854\" src=\"https:\/\/taula.eus\/wp-content\/uploads\/2024\/03\/FOTOGRAMA_3-1024x576.png\" alt=\"\" class=\"wp-image-854\" srcset=\"https:\/\/taula.eus\/wp-content\/uploads\/2024\/03\/FOTOGRAMA_3-1024x576.png 1024w, https:\/\/taula.eus\/wp-content\/uploads\/2024\/03\/FOTOGRAMA_3-300x169.png 300w, https:\/\/taula.eus\/wp-content\/uploads\/2024\/03\/FOTOGRAMA_3-768x432.png 768w, https:\/\/taula.eus\/wp-content\/uploads\/2024\/03\/FOTOGRAMA_3-1536x864.png 1536w, https:\/\/taula.eus\/wp-content\/uploads\/2024\/03\/FOTOGRAMA_3.png 2048w\" sizes=\"auto, (max-width: 1024px) 100vw, 1024px\" \/><\/figure>\n<\/figure>\n<\/div><\/div>","protected":false},"excerpt":{"rendered":"<p>EL CASO ANAK Tania Garc\u00eda de Pedro Fitxa artistikoa Antzezleak:&nbsp;Xavier Leal, Mikel Su\u00e1rez, Diego Collat, Josh Ortiz de Zarate, I\u00f1aki Urrutia, Javier Tirado, Javier Alaiza, Vanessa Gonzalez.Zuzendaritza:&nbsp;Tania Garc\u00eda, Natalia RoblesZuzendari laguntzailea: Ana Ib\u00e1\u00f1ez y Gerardo Tom\u00e9Script: Zuhaitz CampoArgazki zuzendaria:&nbsp;Edi Ferreira y Tania GarciaKamera laguntzailea:&nbsp;Natalia de DiosGaffer: Mikel VillegasElektrikoa:&nbsp;Izaskun GutierrezFokista: Anna ClotetArtea:&nbsp;Silvia Jim\u00e9nez, Oscar GutierrezEkoizpena:&nbsp;Aitor \u00c1lvarez, [&hellip;]<\/p>\n","protected":false},"author":1,"featured_media":0,"parent":720,"menu_order":0,"comment_status":"closed","ping_status":"closed","template":"","meta":{"_uag_custom_page_level_css":"","site-sidebar-layout":"no-sidebar","site-content-layout":"plain-container","ast-site-content-layout":"normal-width-container","site-content-style":"unboxed","site-sidebar-style":"unboxed","ast-global-header-display":"","ast-banner-title-visibility":"","ast-main-header-display":"","ast-hfb-above-header-display":"","ast-hfb-below-header-display":"","ast-hfb-mobile-header-display":"","site-post-title":"disabled","ast-breadcrumbs-content":"","ast-featured-img":"","footer-sml-layout":"","ast-disable-related-posts":"","theme-transparent-header-meta":"enabled","adv-header-id-meta":"","stick-header-meta":"","header-above-stick-meta":"","header-main-stick-meta":"","header-below-stick-meta":"","astra-migrate-meta-layouts":"set","ast-page-background-enabled":"default","ast-page-background-meta":{"desktop":{"background-color":"","background-image":"","background-repeat":"repeat","background-position":"center center","background-size":"auto","background-attachment":"scroll","background-type":"","background-media":"","overlay-type":"","overlay-color":"","overlay-opacity":"","overlay-gradient":""},"tablet":{"background-color":"","background-image":"","background-repeat":"repeat","background-position":"center center","background-size":"auto","background-attachment":"scroll","background-type":"","background-media":"","overlay-type":"","overlay-color":"","overlay-opacity":"","overlay-gradient":""},"mobile":{"background-color":"","background-image":"","background-repeat":"repeat","background-position":"center center","background-size":"auto","background-attachment":"scroll","background-type":"","background-media":"","overlay-type":"","overlay-color":"","overlay-opacity":"","overlay-gradient":""}},"ast-content-background-meta":{"desktop":{"background-color":"var(--ast-global-color-5)","background-image":"","background-repeat":"repeat","background-position":"center center","background-size":"auto","background-attachment":"scroll","background-type":"","background-media":"","overlay-type":"","overlay-color":"","overlay-opacity":"","overlay-gradient":""},"tablet":{"background-color":"var(--ast-global-color-5)","background-image":"","background-repeat":"repeat","background-position":"center center","background-size":"auto","background-attachment":"scroll","background-type":"","background-media":"","overlay-type":"","overlay-color":"","overlay-opacity":"","overlay-gradient":""},"mobile":{"background-color":"var(--ast-global-color-5)","background-image":"","background-repeat":"repeat","background-position":"center center","background-size":"auto","background-attachment":"scroll","background-type":"","background-media":"","overlay-type":"","overlay-color":"","overlay-opacity":"","overlay-gradient":""}},"_mc_calendar":[],"footnotes":""},"class_list":["post-784","page","type-page","status-publish","hentry"],"uagb_featured_image_src":{"full":false,"thumbnail":false,"medium":false,"medium_large":false,"large":false,"1536x1536":false,"2048x2048":false,"trp-custom-language-flag":false},"uagb_author_info":{"display_name":"Markel Ganboa","author_link":"https:\/\/taula.eus\/es\/author\/admin\/"},"uagb_comment_info":0,"uagb_excerpt":"EL CASO ANAK Tania Garc\u00eda de Pedro Fitxa artistikoa Antzezleak:&nbsp;Xavier Leal, Mikel Su\u00e1rez, Diego Collat, Josh Ortiz de Zarate, I\u00f1aki Urrutia, Javier Tirado, Javier Alaiza, Vanessa Gonzalez.Zuzendaritza:&nbsp;Tania Garc\u00eda, Natalia RoblesZuzendari laguntzailea: Ana Ib\u00e1\u00f1ez y Gerardo Tom\u00e9Script: Zuhaitz CampoArgazki zuzendaria:&nbsp;Edi Ferreira y Tania GarciaKamera laguntzailea:&nbsp;Natalia de DiosGaffer: Mikel VillegasElektrikoa:&nbsp;Izaskun GutierrezFokista: Anna ClotetArtea:&nbsp;Silvia Jim\u00e9nez, Oscar GutierrezEkoizpena:&nbsp;Aitor \u00c1lvarez,&hellip;","_links":{"self":[{"href":"https:\/\/taula.eus\/es\/wp-json\/wp\/v2\/pages\/784","targetHints":{"allow":["GET"]}}],"collection":[{"href":"https:\/\/taula.eus\/es\/wp-json\/wp\/v2\/pages"}],"about":[{"href":"https:\/\/taula.eus\/es\/wp-json\/wp\/v2\/types\/page"}],"author":[{"embeddable":true,"href":"https:\/\/taula.eus\/es\/wp-json\/wp\/v2\/users\/1"}],"replies":[{"embeddable":true,"href":"https:\/\/taula.eus\/es\/wp-json\/wp\/v2\/comments?post=784"}],"version-history":[{"count":5,"href":"https:\/\/taula.eus\/es\/wp-json\/wp\/v2\/pages\/784\/revisions"}],"predecessor-version":[{"id":1259,"href":"https:\/\/taula.eus\/es\/wp-json\/wp\/v2\/pages\/784\/revisions\/1259"}],"up":[{"embeddable":true,"href":"https:\/\/taula.eus\/es\/wp-json\/wp\/v2\/pages\/720"}],"wp:attachment":[{"href":"https:\/\/taula.eus\/es\/wp-json\/wp\/v2\/media?parent=784"}],"curies":[{"name":"wp","href":"https:\/\/api.w.org\/{rel}","templated":true}]}}