{"id":8,"date":"2020-09-15T06:48:51","date_gmt":"2020-09-15T06:48:51","guid":{"rendered":"https:\/\/taula.eus\/services\/"},"modified":"2025-07-01T10:39:48","modified_gmt":"2025-07-01T10:39:48","slug":"euskaldungak","status":"publish","type":"page","link":"https:\/\/taula.eus\/es\/eszenikoak\/euskaldungak\/","title":{"rendered":"EUSKALDUNGAK"},"content":{"rendered":"<div class=\"wp-block-uagb-container uagb-block-fe71931f alignfull uagb-is-root-container\"><div class=\"uagb-container-inner-blocks-wrap\">\n<div class=\"wp-block-uagb-advanced-heading uagb-block-92239a8e\"><h1 class=\"uagb-heading-text\">eUSKALDUNGAK<\/h1><\/div>\n\n\n\n<p class=\"has-text-align-center has-ast-global-color-5-color has-text-color has-link-color wp-elements-449ccc0ba373e4cf054bb9d56c3d0c06\" style=\"font-size:35px\"><strong>Taulelak<\/strong><\/p>\n<\/div><\/div>\n\n\n\n<div class=\"wp-block-uagb-container uagb-block-31ec3615 alignfull uagb-is-root-container\"><div class=\"uagb-container-inner-blocks-wrap\">\n<div class=\"wp-block-uagb-container uagb-block-43436432\">\n<figure class=\"wp-block-image size-large is-resized\"><img loading=\"lazy\" decoding=\"async\" width=\"724\" height=\"1024\" src=\"https:\/\/taula.eus\/wp-content\/uploads\/2024\/02\/1-724x1024.png\" alt=\"\" class=\"wp-image-558\" style=\"width:273px;height:auto\" srcset=\"https:\/\/taula.eus\/wp-content\/uploads\/2024\/02\/1-724x1024.png 724w, https:\/\/taula.eus\/wp-content\/uploads\/2024\/02\/1-212x300.png 212w, https:\/\/taula.eus\/wp-content\/uploads\/2024\/02\/1-768x1086.png 768w, https:\/\/taula.eus\/wp-content\/uploads\/2024\/02\/1-1086x1536.png 1086w, https:\/\/taula.eus\/wp-content\/uploads\/2024\/02\/1-1448x2048.png 1448w, https:\/\/taula.eus\/wp-content\/uploads\/2024\/02\/1.png 1587w\" sizes=\"auto, (max-width: 724px) 100vw, 724px\" \/><\/figure>\n\n\n\n<div class=\"wp-block-uagb-advanced-heading uagb-block-aba220df\"><h3 class=\"uagb-heading-text\">Ficha art\u00edstica<\/h3><div class=\"uagb-separator\"><\/div><p class=\"uagb-desc-text\"><strong>Idea original:&nbsp;<\/strong>Taulelak (Taula &amp; Las paralelas)<br><strong>Int\u00e9rpretes:<\/strong>&nbsp;Maite Lopez y Aroa Blanco<br><strong>Mirada externa:<\/strong>&nbsp;Patricia Urrutia<br><strong>Fotograf\u00edas:&nbsp;<\/strong>Juanjo L\u00f3pez \/ Txelu Angoitia<br><strong>Gesti\u00f3n:<\/strong>&nbsp;Taula<\/p><\/div>\n<\/div>\n\n\n\n<div class=\"wp-block-uagb-advanced-heading uagb-block-9359643b\"><h3 class=\"uagb-heading-text\">Siponsis<\/h3><div class=\"uagb-separator\"><\/div><p class=\"uagb-desc-text translation-block\">Estas dos actrices no han asumido el mal reto, quieren aclarar por qu\u00e9 a los euskaldunzaharras les cuesta tanto dirigir a los euskaldunberris, y por qu\u00e9 los euskaldunberris tienen miedo a cometer errores.<br>\u00bfQu\u00e9 dir\u00e1n un euskaldunzahar y un euskaldunberri sobre el euskera? \u00bfDe su relaci\u00f3n con el euskera? \u00bfDe su historia? \u00bfLa historia? \u00bfHistoria? \u00bfCon o sin H? \u00bfTiene pegada A? Pero \u00bfpor d\u00f3nde empezar? Pues desde el principio.<br>Con esta pieza Aroa Blanco y Maite L\u00f3pez subir\u00e1n por primera vez juntos al escenario para contar sus aventuras y salsamijas en el fascinante mundo de la cultura vasca y el euskera.<br><br><\/p><\/div>\n<\/div><\/div>\n\n\n\n<div class=\"wp-block-uagb-container uagb-block-6706cfa8 alignfull uagb-is-root-container\"><div class=\"uagb-container-inner-blocks-wrap\">\n<div class=\"wp-block-uagb-advanced-heading uagb-block-bc903b0d\"><h3 class=\"uagb-heading-text\">Agenda<\/h3><div class=\"uagb-separator\"><\/div><p class=\"uagb-desc-text\"><strong>Abenduak 6 de diciembre<br><\/strong>San Agustin kultur gunea (Durango)<br><br><strong>Otsailak 16 de febrero 2024<br><\/strong>Zornotza aretoa (Zornotza)<br><br><strong>Martxoak 15 de marzo<br><\/strong>Torrezabal antzokia (Galdakao)<br><br><strong>Martxoak 20 de marzo<br><\/strong>Kultur etxea (Zierbana)<br><br><strong>Martxoak 21 de marzo <br><\/strong>San Agustin kultur gunea (Durango)<br><br><strong>Maiatzak 17 de mayo<br><\/strong>Errose Bustintza kultur etxea (Ma\u00f1aria)<br><br><strong>Maiatzak 31 de mayo<br><\/strong>Lizeo antzokia (Gernika)<br><br><strong>Irailak 28 de septiembre<br><\/strong>Kotxepin kultur etxea (Lemoa)<br><br><strong>Urriak 24 de octubre<br><\/strong>San Ignazio udaltegia (Bilbo)<br><br><strong>Azaroak 28 de noviembre<br><\/strong>Kultur etxea (Berriz)<br><br><strong>Azaroak 29 de noviembre<br><\/strong>Amurrio antzokia (Amurrio)<br><br><strong>Azaroak 30 de noviembre<br><\/strong>Lasarte aretoa (Igorre)<br><br><strong>Abenduak 1 de diciembre<br><\/strong>Herriko eskola (Atxondo)<br><br><strong>Abenduak 3 de diciembre<br><\/strong>Erribera kultur gunea (Astigarraga)<br><br><strong>Urtarrilak 11 de enero 2025<br><\/strong>Seminarixoa (Bergara)<br><br><strong>Apirilak 3 de abril<br><\/strong>Santa Klara kulturtegia (Portugalete)<br><br><strong>Apirilak 4 de abril<br><\/strong>Frontoia (Zamudio)<br><br><strong>Apirilak 9 de abril<br><\/strong>Kultur etxea (Bara\u00f1ain)<br><br><strong>Maiatza 9 de mayo<br><\/strong>Zaraia aretoa (Aretxabaleta)<br><br><strong>Maiatza 16 de mayo<br><\/strong>Iriarte kultur etxea (Zizurkil)<br><br><strong>Maiatza 18 de mayo<br><\/strong>Urdanibia plaza (Irun)<br><br><strong>Maiatza 20 de mayo<br><\/strong>Solobarria plaza (Basauri)<br><br><strong>Maiatza 22 de mayo<br><\/strong>Eskolako kamaran (Dima)<br><br><strong>Maiatza 24 de mayo<br><\/strong>Udaletxea (Ezkio)<br><br><strong>Maiatza 25 de mayo<br><\/strong>Uhagon kultur gunea (Markina)<br><br><strong>Ekainak 19 de junio<br><\/strong>Murgiako batzarraren egoitza (Murgia)<br><br><strong>Ekainak 19 de junio<br><\/strong>Kultur etxea (Bernedo)<br><br><strong>Abuztuak 15 de agosto<br><\/strong>Buruntza auzoa (Andoain)<br><br><strong>Irailak 10 de septiembre<br><\/strong>Maizpide euksaltegia barnetegia (Lazkao)<\/p><\/div>\n\n\n\n<figure class=\"wp-block-gallery has-nested-images columns-default is-cropped wp-block-gallery-1 is-layout-flex wp-block-gallery-is-layout-flex\">\n<figure class=\"wp-block-image size-large\"><img loading=\"lazy\" decoding=\"async\" width=\"1024\" height=\"684\" data-id=\"1040\" src=\"https:\/\/taula.eus\/wp-content\/uploads\/2024\/11\/DSC4815-copia-1024x684.jpg\" alt=\"\" class=\"wp-image-1040\" srcset=\"https:\/\/taula.eus\/wp-content\/uploads\/2024\/11\/DSC4815-copia-1024x684.jpg 1024w, https:\/\/taula.eus\/wp-content\/uploads\/2024\/11\/DSC4815-copia-300x200.jpg 300w, https:\/\/taula.eus\/wp-content\/uploads\/2024\/11\/DSC4815-copia-768x513.jpg 768w, https:\/\/taula.eus\/wp-content\/uploads\/2024\/11\/DSC4815-copia-1536x1025.jpg 1536w, https:\/\/taula.eus\/wp-content\/uploads\/2024\/11\/DSC4815-copia-2048x1367.jpg 2048w\" sizes=\"auto, (max-width: 1024px) 100vw, 1024px\" \/><\/figure>\n\n\n\n<figure class=\"wp-block-image size-large\"><img loading=\"lazy\" decoding=\"async\" width=\"1024\" height=\"684\" data-id=\"1039\" src=\"https:\/\/taula.eus\/wp-content\/uploads\/2024\/11\/DSC4881-copia-1024x684.jpg\" alt=\"\" class=\"wp-image-1039\" srcset=\"https:\/\/taula.eus\/wp-content\/uploads\/2024\/11\/DSC4881-copia-1024x684.jpg 1024w, https:\/\/taula.eus\/wp-content\/uploads\/2024\/11\/DSC4881-copia-300x200.jpg 300w, https:\/\/taula.eus\/wp-content\/uploads\/2024\/11\/DSC4881-copia-768x513.jpg 768w, https:\/\/taula.eus\/wp-content\/uploads\/2024\/11\/DSC4881-copia-1536x1025.jpg 1536w, https:\/\/taula.eus\/wp-content\/uploads\/2024\/11\/DSC4881-copia-2048x1367.jpg 2048w\" sizes=\"auto, (max-width: 1024px) 100vw, 1024px\" \/><\/figure>\n\n\n\n<figure class=\"wp-block-image size-large\"><img loading=\"lazy\" decoding=\"async\" width=\"1024\" height=\"684\" data-id=\"1038\" src=\"https:\/\/taula.eus\/wp-content\/uploads\/2024\/11\/DSC4859-copia-Copy-1024x684.jpg\" alt=\"\" class=\"wp-image-1038\" srcset=\"https:\/\/taula.eus\/wp-content\/uploads\/2024\/11\/DSC4859-copia-Copy-1024x684.jpg 1024w, https:\/\/taula.eus\/wp-content\/uploads\/2024\/11\/DSC4859-copia-Copy-300x200.jpg 300w, https:\/\/taula.eus\/wp-content\/uploads\/2024\/11\/DSC4859-copia-Copy-768x513.jpg 768w, https:\/\/taula.eus\/wp-content\/uploads\/2024\/11\/DSC4859-copia-Copy-1536x1025.jpg 1536w, https:\/\/taula.eus\/wp-content\/uploads\/2024\/11\/DSC4859-copia-Copy.jpg 1600w\" sizes=\"auto, (max-width: 1024px) 100vw, 1024px\" \/><\/figure>\n\n\n\n<figure class=\"wp-block-image size-large\"><img loading=\"lazy\" decoding=\"async\" width=\"1024\" height=\"684\" data-id=\"1037\" src=\"https:\/\/taula.eus\/wp-content\/uploads\/2024\/11\/DSC4861-copia-Copy-1024x684.jpg\" alt=\"\" class=\"wp-image-1037\" srcset=\"https:\/\/taula.eus\/wp-content\/uploads\/2024\/11\/DSC4861-copia-Copy-1024x684.jpg 1024w, https:\/\/taula.eus\/wp-content\/uploads\/2024\/11\/DSC4861-copia-Copy-300x200.jpg 300w, https:\/\/taula.eus\/wp-content\/uploads\/2024\/11\/DSC4861-copia-Copy-768x513.jpg 768w, https:\/\/taula.eus\/wp-content\/uploads\/2024\/11\/DSC4861-copia-Copy-1536x1025.jpg 1536w, https:\/\/taula.eus\/wp-content\/uploads\/2024\/11\/DSC4861-copia-Copy.jpg 1600w\" sizes=\"auto, (max-width: 1024px) 100vw, 1024px\" \/><\/figure>\n\n\n\n<figure class=\"wp-block-image size-large\"><img loading=\"lazy\" decoding=\"async\" width=\"1024\" height=\"684\" data-id=\"1036\" src=\"https:\/\/taula.eus\/wp-content\/uploads\/2024\/11\/DSC4820-copia-1024x684.jpg\" alt=\"\" class=\"wp-image-1036\" srcset=\"https:\/\/taula.eus\/wp-content\/uploads\/2024\/11\/DSC4820-copia-1024x684.jpg 1024w, https:\/\/taula.eus\/wp-content\/uploads\/2024\/11\/DSC4820-copia-300x200.jpg 300w, https:\/\/taula.eus\/wp-content\/uploads\/2024\/11\/DSC4820-copia-768x513.jpg 768w, https:\/\/taula.eus\/wp-content\/uploads\/2024\/11\/DSC4820-copia-1536x1025.jpg 1536w, https:\/\/taula.eus\/wp-content\/uploads\/2024\/11\/DSC4820-copia-2048x1367.jpg 2048w\" sizes=\"auto, (max-width: 1024px) 100vw, 1024px\" \/><\/figure>\n<\/figure>\n<\/div><\/div>\n\n\n\n<div class=\"wp-block-uagb-container uagb-block-999cd3e6 alignfull uagb-is-root-container\"><div class=\"uagb-container-inner-blocks-wrap\">\n<div class=\"wp-block-uagb-advanced-heading uagb-block-1fc64f5c\"><h3 class=\"uagb-heading-text\">Material<\/h3><div class=\"uagb-separator\"><\/div><\/div>\n\n\n\n<div class=\"wp-block-columns is-layout-flex wp-container-core-columns-is-layout-28f84493 wp-block-columns-is-layout-flex\">\n<div class=\"wp-block-column is-layout-flow wp-block-column-is-layout-flow\"><\/div>\n\n\n\n<div class=\"wp-block-column is-layout-flow wp-block-column-is-layout-flow\">\n<div class=\"wp-block-buttons is-content-justification-center is-layout-flex wp-container-core-buttons-is-layout-a89b3969 wp-block-buttons-is-layout-flex\">\n<div class=\"wp-block-button\"><a class=\"wp-block-button__link has-text-align-center wp-element-button\" href=\"https:\/\/drive.google.com\/file\/d\/1CeEhMspE1yebilnR0IhjRbccOZD89EUb\/view?usp=drive_link\" target=\"_blank\" rel=\"noreferrer noopener\">Dossier<\/a><\/div>\n\n\n\n<div class=\"wp-block-button\"><a class=\"wp-block-button__link wp-element-button\" href=\"https:\/\/www.youtube.com\/watch?v=GrI4ydN5HWg\" target=\"_blank\" rel=\"noreferrer noopener\">Teaser<\/a><\/div>\n\n\n\n<div class=\"wp-block-button\"><a class=\"wp-block-button__link wp-element-button\" href=\"https:\/\/taula.eus\/es\/kontaktua-contacto\/\">Bienvenidos al \"funeral de vuestra vida\". S\u00ed, todos moriremos alguna vez. Hoy tratamos de controlar toda nuestra vida y ni siquiera la muerte escapa a nuestro egocentrismo: queremos dise\u00f1ar la despedida a nuestra medida, que nadie diga nada inadecuado, y tener controlado cualquier menudencia. Porque queremos ser recordados, queremos dejar huella, y al fin y al cabo s\u00f3lo vamos a morir una vez. Entre risas y reflexiones, dos mujeres cuestionan las tradiciones y acaban pregunt\u00e1ndose si estamos demasiado obsesionadas con nuestro patrimonio. Y la gran pregunta queda en el aire: \u00bfc\u00f3mo debe ser el funeral perfecto?<\/a><\/div>\n<\/div>\n<\/div>\n\n\n\n<div class=\"wp-block-column is-layout-flow wp-block-column-is-layout-flow\"><\/div>\n<\/div>\n<\/div><\/div>","protected":false},"excerpt":{"rendered":"<p>eUSKALDUNGAK Taulelak Fitxa artistikoa Idea originala:&nbsp;Taulelak (Taula &amp; Las paralelas)Antzezleak:&nbsp;Maite Lopez y Aroa BlancoKanpo begirada:&nbsp;Patricia UrrutiaArgazkiak:&nbsp;Juanjo L\u00f3pez \/ Txelu AngoitiaKudeaketa:&nbsp;Taula Sinopsia Aktore bi hauek ez dute erronka makala hartu, argitu nahi dute euskaldun zaharrei zergatik kostatzen zaien hainbeste euskaldun berriak zuzentzea, eta euskaldun berriek zergatik duten akatsak egiteko beldurra.Zer esango dute euskaldun berri batek eta [&hellip;]<\/p>\n","protected":false},"author":1,"featured_media":0,"parent":701,"menu_order":0,"comment_status":"closed","ping_status":"closed","template":"","meta":{"_uag_custom_page_level_css":"","site-sidebar-layout":"no-sidebar","site-content-layout":"plain-container","ast-site-content-layout":"normal-width-container","site-content-style":"unboxed","site-sidebar-style":"unboxed","ast-global-header-display":"","ast-banner-title-visibility":"","ast-main-header-display":"","ast-hfb-above-header-display":"","ast-hfb-below-header-display":"","ast-hfb-mobile-header-display":"","site-post-title":"disabled","ast-breadcrumbs-content":"","ast-featured-img":"","footer-sml-layout":"","ast-disable-related-posts":"","theme-transparent-header-meta":"enabled","adv-header-id-meta":"","stick-header-meta":"","header-above-stick-meta":"","header-main-stick-meta":"","header-below-stick-meta":"","astra-migrate-meta-layouts":"set","ast-page-background-enabled":"default","ast-page-background-meta":{"desktop":{"background-color":"","background-image":"","background-repeat":"repeat","background-position":"center center","background-size":"auto","background-attachment":"scroll","background-type":"","background-media":"","overlay-type":"","overlay-color":"","overlay-opacity":"","overlay-gradient":""},"tablet":{"background-color":"","background-image":"","background-repeat":"repeat","background-position":"center center","background-size":"auto","background-attachment":"scroll","background-type":"","background-media":"","overlay-type":"","overlay-color":"","overlay-opacity":"","overlay-gradient":""},"mobile":{"background-color":"","background-image":"","background-repeat":"repeat","background-position":"center center","background-size":"auto","background-attachment":"scroll","background-type":"","background-media":"","overlay-type":"","overlay-color":"","overlay-opacity":"","overlay-gradient":""}},"ast-content-background-meta":{"desktop":{"background-color":"var(--ast-global-color-5)","background-image":"","background-repeat":"repeat","background-position":"center center","background-size":"auto","background-attachment":"scroll","background-type":"","background-media":"","overlay-type":"","overlay-color":"","overlay-opacity":"","overlay-gradient":""},"tablet":{"background-color":"var(--ast-global-color-5)","background-image":"","background-repeat":"repeat","background-position":"center center","background-size":"auto","background-attachment":"scroll","background-type":"","background-media":"","overlay-type":"","overlay-color":"","overlay-opacity":"","overlay-gradient":""},"mobile":{"background-color":"var(--ast-global-color-5)","background-image":"","background-repeat":"repeat","background-position":"center center","background-size":"auto","background-attachment":"scroll","background-type":"","background-media":"","overlay-type":"","overlay-color":"","overlay-opacity":"","overlay-gradient":""}},"_mc_calendar":[],"footnotes":""},"class_list":["post-8","page","type-page","status-publish","hentry"],"uagb_featured_image_src":{"full":false,"thumbnail":false,"medium":false,"medium_large":false,"large":false,"1536x1536":false,"2048x2048":false,"trp-custom-language-flag":false},"uagb_author_info":{"display_name":"Markel Ganboa","author_link":"https:\/\/taula.eus\/es\/author\/admin\/"},"uagb_comment_info":0,"uagb_excerpt":"eUSKALDUNGAK Taulelak Fitxa artistikoa Idea originala:&nbsp;Taulelak (Taula &amp; Las paralelas)Antzezleak:&nbsp;Maite Lopez y Aroa BlancoKanpo begirada:&nbsp;Patricia UrrutiaArgazkiak:&nbsp;Juanjo L\u00f3pez \/ Txelu AngoitiaKudeaketa:&nbsp;Taula Sinopsia Aktore bi hauek ez dute erronka makala hartu, argitu nahi dute euskaldun zaharrei zergatik kostatzen zaien hainbeste euskaldun berriak zuzentzea, eta euskaldun berriek zergatik duten akatsak egiteko beldurra.Zer esango dute euskaldun berri batek eta&hellip;","_links":{"self":[{"href":"https:\/\/taula.eus\/es\/wp-json\/wp\/v2\/pages\/8","targetHints":{"allow":["GET"]}}],"collection":[{"href":"https:\/\/taula.eus\/es\/wp-json\/wp\/v2\/pages"}],"about":[{"href":"https:\/\/taula.eus\/es\/wp-json\/wp\/v2\/types\/page"}],"author":[{"embeddable":true,"href":"https:\/\/taula.eus\/es\/wp-json\/wp\/v2\/users\/1"}],"replies":[{"embeddable":true,"href":"https:\/\/taula.eus\/es\/wp-json\/wp\/v2\/comments?post=8"}],"version-history":[{"count":19,"href":"https:\/\/taula.eus\/es\/wp-json\/wp\/v2\/pages\/8\/revisions"}],"predecessor-version":[{"id":1308,"href":"https:\/\/taula.eus\/es\/wp-json\/wp\/v2\/pages\/8\/revisions\/1308"}],"up":[{"embeddable":true,"href":"https:\/\/taula.eus\/es\/wp-json\/wp\/v2\/pages\/701"}],"wp:attachment":[{"href":"https:\/\/taula.eus\/es\/wp-json\/wp\/v2\/media?parent=8"}],"curies":[{"name":"wp","href":"https:\/\/api.w.org\/{rel}","templated":true}]}}