{"id":846,"date":"2024-02-28T21:05:18","date_gmt":"2024-02-28T21:05:18","guid":{"rendered":"https:\/\/taula.eus\/?page_id=846"},"modified":"2025-06-25T10:04:07","modified_gmt":"2025-06-25T10:04:07","slug":"ekitaldiak","status":"publish","type":"page","link":"https:\/\/taula.eus\/es\/ekitaldiak\/","title":{"rendered":"EVENTOS Y TIEMPO LIBRE"},"content":{"rendered":"<div class=\"wp-block-uagb-container uagb-block-80f8b66e alignfull uagb-is-root-container\"><div class=\"uagb-container__video-wrap\"><video autoplay loop muted playsinline><source src=\"https:\/\/taula.eus\/wp-content\/uploads\/2024\/02\/festival_-_3936-Original.mp4\" type=\"video\/mp4\"\/><\/video><\/div><div class=\"uagb-container-inner-blocks-wrap\">\n<div class=\"wp-block-uagb-container uagb-block-cfc61b01\">\n<h1 class=\"wp-block-heading has-text-align-center has-text-color has-link-color wp-elements-5279cd2d5c1d4d35180abe70cb833bfd\" style=\"color:#f6a700\">EVENTOS Y TIEMPO LIBRE<\/h1>\n<\/div>\n<\/div><\/div>\n\n\n\n<div class=\"wp-block-uagb-container uagb-block-0127aa57 alignfull uagb-is-root-container\"><div class=\"uagb-container-inner-blocks-wrap\">\n<div class=\"wp-block-columns is-layout-flex wp-container-core-columns-is-layout-28f84493 wp-block-columns-is-layout-flex\">\n<div class=\"wp-block-column is-layout-flow wp-block-column-is-layout-flow\">\n<div class=\"wp-block-uagb-advanced-heading uagb-block-ed3416f6\"><h2 class=\"uagb-heading-text\">\u00bfQU\u00c9 HACEMOS?<\/h2><div class=\"uagb-separator\"><\/div><\/div>\n\n\n\n<p class=\"has-ast-global-color-3-color has-text-color has-link-color wp-elements-0a05e2c3cf04a5fb12f152487a3bb7f8\">Creamos y producimos proyectos de eventos y ocio excepcionales. Desde la planificaci\u00f3n hasta la ejecuci\u00f3n, nuestro equipo altamente capacitado se encarga de cada detalle. Adem\u00e1s, nos encargamos de la gesti\u00f3n administrativa, desde permisos hasta subvenciones. D\u00e9janos ser tu socio confiable en el mundo audiovisual.<\/p>\n<\/div>\n<\/div>\n<\/div><\/div>\n\n\n\n<div class=\"wp-block-columns alignwide is-layout-flex wp-container-core-columns-is-layout-d2da2050 wp-block-columns-is-layout-flex\" style=\"margin-bottom:0\">\n<div class=\"wp-block-column has-text-color has-background has-link-color wp-elements-dfff4df5f41df605e80f92d885394bf8 is-layout-flow wp-block-column-is-layout-flow\" style=\"color:#000000;background-color:#f6a700;padding-top:2em;padding-right:2em;padding-bottom:2em;padding-left:2em\">\n<h6 class=\"wp-block-heading\" id=\"single\" style=\"font-size:25px;text-transform:uppercase\"><strong>GESTI\u00d3N<\/strong><\/h6>\n\n\n\n<p class=\"has-normal-font-size\" style=\"line-height:1.5\"><strong>Nosotros gestionaremos tu idea.<\/strong>.<\/p>\n\n\n\n<hr class=\"wp-block-separator has-text-color has-ast-global-color-3-color has-alpha-channel-opacity has-ast-global-color-3-background-color has-background is-style-wide\"\/>\n\n\n\n<div class=\"wp-block-buttons alignfull is-horizontal is-content-justification-center is-layout-flex wp-container-core-buttons-is-layout-03627597 wp-block-buttons-is-layout-flex\">\n<div class=\"wp-block-button is-style-fill\"><a class=\"wp-block-button__link has-black-color has-text-color has-background has-link-color wp-element-button\" href=\"https:\/\/taula.eus\/es\/kontaktua\/\" style=\"background-color:#e7e79e82\">+ INFO<\/a><\/div>\n<\/div>\n<\/div>\n\n\n\n<div class=\"wp-block-column has-text-color has-background has-link-color wp-elements-88120a774d6e09a34a44002694d44123 is-layout-flow wp-block-column-is-layout-flow\" style=\"color:#000000;background-color:#f6a700;padding-top:2em;padding-right:2em;padding-bottom:2em;padding-left:2em\">\n<h6 class=\"wp-block-heading\" id=\"family\" style=\"font-size:25px\"><strong>PRODUCCI\u00d3N<\/strong><\/h6>\n\n\n\n<p class=\"has-normal-font-size\" style=\"line-height:1.5\"><strong><strong>Somos tu equipo.<\/strong><\/strong><\/p>\n\n\n\n<hr class=\"wp-block-separator has-text-color has-ast-global-color-3-color has-alpha-channel-opacity has-ast-global-color-3-background-color has-background is-style-wide\"\/>\n\n\n\n<div class=\"wp-block-buttons alignfull is-horizontal is-content-justification-center is-layout-flex wp-container-core-buttons-is-layout-03627597 wp-block-buttons-is-layout-flex\">\n<div class=\"wp-block-button\"><a class=\"wp-block-button__link has-ast-global-color-2-color has-text-color has-background has-link-color wp-element-button\" href=\"http:\/\/taula.eus\/es\/kontaktua\/\" style=\"background-color:#e7e79e82\">+ INFO<\/a><\/div>\n<\/div>\n<\/div>\n\n\n\n<div class=\"wp-block-column has-text-color has-background has-link-color wp-elements-9ad6d8a50c6241b2cf44990828e0d898 is-layout-flow wp-block-column-is-layout-flow\" style=\"color:#000000;background-color:#f6a700;padding-top:2em;padding-right:2em;padding-bottom:2em;padding-left:2em\">\n<h6 class=\"wp-block-heading\" id=\"patron\" style=\"font-size:25px\"><strong>ADMINISTRACI\u00d3N<\/strong><\/h6>\n\n\n\n<p class=\"has-normal-font-size\"><strong><strong>Nosotros hacemos todo tu papeleo.<\/strong>.<\/strong><\/p>\n\n\n\n<hr class=\"wp-block-separator has-text-color has-ast-global-color-3-color has-alpha-channel-opacity has-ast-global-color-3-background-color has-background is-style-wide\"\/>\n\n\n\n<div class=\"wp-block-buttons alignfull is-horizontal is-content-justification-center is-layout-flex wp-container-core-buttons-is-layout-03627597 wp-block-buttons-is-layout-flex\">\n<div class=\"wp-block-button is-style-fill\"><a class=\"wp-block-button__link has-ast-global-color-2-color has-text-color has-background has-link-color wp-element-button\" href=\"https:\/\/taula.eus\/es\/kontaktua\/\" style=\"background-color:#e7e79e82\">+ INFO<\/a><\/div>\n<\/div>\n<\/div>\n<\/div>\n\n\n\n<div class=\"wp-block-uagb-container uagb-block-4e5b41fa alignfull uagb-is-root-container\"><div class=\"uagb-container-inner-blocks-wrap\">\n<div class=\"wp-block-uagb-advanced-heading uagb-block-be7e4291\"><h2 class=\"uagb-heading-text\">NUESTROS TRABAJOS<\/h2><div class=\"uagb-separator\"><\/div><\/div>\n\n\n\n<div class=\"wp-block-group is-layout-constrained wp-block-group-is-layout-constrained\">\n<div class=\"wp-block-columns is-layout-flex wp-container-core-columns-is-layout-28f84493 wp-block-columns-is-layout-flex\">\n<div class=\"wp-block-column is-layout-flow wp-block-column-is-layout-flow\" style=\"flex-basis:100%\">\n<div class=\"wp-block-uagb-container uagb-block-0c24c3bb\">\n<div class=\"wp-block-uagb-info-box uagb-block-2935a13f uagb-infobox__content-wrap  uagb-infobox_cta-type-all uagb-infobox-icon-above-title uagb-infobox-image-valign-top\"><a href=\"https:\/\/taula.eus\/es\/erregidoreak\/\" class=\"uagb-infobox-link-wrap uagb-infbox__link-to-all\" target=\"_self\" aria-label=\"Infobox Link\" rel=\"noopener noreferrer\" onclick=\"return true;\"><\/a><div class=\"uagb-ifb-content\"><div class=\"uagb-ifb-image-content\"><img decoding=\"async\" src=\"https:\/\/taula.eus\/wp-content\/uploads\/2024\/02\/9.png\" alt=\"\" width=\"1080\" height=\"1080\" loading=\"lazy\"\/><\/div><div class=\"uagb-ifb-title-wrap\"><h5 class=\"uagb-ifb-title\">Erregidoreak<\/h5><\/div><div class=\"uagb-ifb-button-wrapper wp-block-button\"><\/div><\/div><\/div>\n\n\n\n<div class=\"wp-block-uagb-info-box uagb-block-a41bb94f uagb-infobox__content-wrap  uagb-infobox_cta-type-all uagb-infobox-icon-above-title uagb-infobox-image-valign-top\"><a href=\"https:\/\/taula.eus\/es\/begiraleak\/\" class=\"uagb-infobox-link-wrap uagb-infbox__link-to-all\" target=\"_self\" aria-label=\"Infobox Link\" rel=\"noopener noreferrer\" onclick=\"return true;\"><\/a><div class=\"uagb-ifb-content\"><div class=\"uagb-ifb-image-content\"><img decoding=\"async\" src=\"https:\/\/taula.eus\/wp-content\/uploads\/2024\/02\/8.png\" alt=\"\" width=\"1080\" height=\"1080\" loading=\"lazy\"\/><\/div><div class=\"uagb-ifb-title-wrap\"><h5 class=\"uagb-ifb-title\">Begiraleak<\/h5><\/div><div class=\"uagb-ifb-button-wrapper wp-block-button\"><\/div><\/div><\/div>\n\n\n\n<div class=\"wp-block-uagb-info-box uagb-block-7f2ec513 uagb-infobox__content-wrap  uagb-infobox_cta-type-all uagb-infobox-icon-above-title uagb-infobox-image-valign-top\"><a href=\"https:\/\/taula.eus\/es\/jaiak\/\" class=\"uagb-infobox-link-wrap uagb-infbox__link-to-all\" target=\"_self\" aria-label=\"Infobox Link\" rel=\"noopener noreferrer\" onclick=\"return true;\"><\/a><div class=\"uagb-ifb-content\"><div class=\"uagb-ifb-image-content\"><img decoding=\"async\" src=\"https:\/\/taula.eus\/wp-content\/uploads\/2024\/02\/MINATURAS-WEB.png\" alt=\"\" width=\"1080\" height=\"1080\" loading=\"lazy\"\/><\/div><div class=\"uagb-ifb-title-wrap\"><h5 class=\"uagb-ifb-title\">Jaiak<\/h5><\/div><div class=\"uagb-ifb-button-wrapper wp-block-button\"><\/div><\/div><\/div>\n\n\n\n<div class=\"wp-block-uagb-info-box uagb-block-e638acab uagb-infobox__content-wrap  uagb-infobox_cta-type-all uagb-infobox-icon-above-title uagb-infobox-image-valign-top\"><a href=\"https:\/\/taula.eus\/es\/kontaktua\/\" class=\"uagb-infobox-link-wrap uagb-infbox__link-to-all\" target=\"_self\" aria-label=\"Infobox Link\" rel=\"noopener noreferrer\" onclick=\"return true;\"><\/a><div class=\"uagb-ifb-content\"><div class=\"uagb-ifb-image-content\"><img decoding=\"async\" src=\"https:\/\/taula.eus\/wp-content\/uploads\/2025\/06\/axun-eta-mari-karmen.png\" alt=\"\" width=\"1080\" height=\"1080\" loading=\"lazy\"\/><\/div><div class=\"uagb-ifb-title-wrap\"><h5 class=\"uagb-ifb-title\">Aurkezpenak<\/h5><\/div><div class=\"uagb-ifb-button-wrapper wp-block-button\"><\/div><\/div><\/div>\n<\/div>\n\n\n\n<div class=\"wp-block-uagb-container uagb-block-8a7482ad\">\n<div class=\"wp-block-uagb-info-box uagb-block-d65c7c27 uagb-infobox__content-wrap  uagb-infobox_cta-type-all uagb-infobox-icon-above-title uagb-infobox-image-valign-top\"><a href=\"https:\/\/taula.eus\/es\/kontaktua\/\" class=\"uagb-infobox-link-wrap uagb-infbox__link-to-all\" target=\"_self\" aria-label=\"Infobox Link\" rel=\"noopener noreferrer\" onclick=\"return true;\"><\/a><div class=\"uagb-ifb-content\"><div class=\"uagb-ifb-image-content\"><img decoding=\"async\" src=\"https:\/\/taula.eus\/wp-content\/uploads\/2025\/06\/bisita-gidatuak.png\" alt=\"\" width=\"1080\" height=\"1080\" loading=\"lazy\"\/><\/div><div class=\"uagb-ifb-title-wrap\"><h5 class=\"uagb-ifb-title\">Bisita gidatuak<\/h5><\/div><div class=\"uagb-ifb-button-wrapper wp-block-button\"><\/div><\/div><\/div>\n\n\n\n<div class=\"wp-block-uagb-info-box uagb-block-c7284176 uagb-infobox__content-wrap  uagb-infobox_cta-type-all uagb-infobox-icon-above-title uagb-infobox-image-valign-top\"><a href=\"https:\/\/taula.eus\/es\/kontaktua\/\" class=\"uagb-infobox-link-wrap uagb-infbox__link-to-all\" target=\"_self\" aria-label=\"Infobox Link\" rel=\"noopener noreferrer\" onclick=\"return true;\"><\/a><div class=\"uagb-ifb-content\"><div class=\"uagb-ifb-image-content\"><img decoding=\"async\" src=\"https:\/\/taula.eus\/wp-content\/uploads\/2025\/06\/animazioak.png\" alt=\"\" width=\"1080\" height=\"1080\" loading=\"lazy\"\/><\/div><div class=\"uagb-ifb-title-wrap\"><h5 class=\"uagb-ifb-title\">Animazioak<\/h5><\/div><div class=\"uagb-ifb-button-wrapper wp-block-button\"><\/div><\/div><\/div>\n\n\n\n<div class=\"wp-block-uagb-info-box uagb-block-3a2c8744 uagb-infobox__content-wrap  uagb-infobox_cta-type-all uagb-infobox-icon-above-title uagb-infobox-image-valign-top\"><a href=\"https:\/\/taula.eus\/es\/kontaktua\/\" class=\"uagb-infobox-link-wrap uagb-infbox__link-to-all\" target=\"_self\" aria-label=\"Infobox Link\" rel=\"noopener noreferrer\" onclick=\"return true;\"><\/a><div class=\"uagb-ifb-content\"><div class=\"uagb-ifb-title-wrap\"><\/div><div class=\"uagb-ifb-button-wrapper wp-block-button\"><\/div><\/div><\/div>\n\n\n\n<div class=\"wp-block-uagb-info-box uagb-block-fe7dd428 uagb-infobox__content-wrap  uagb-infobox_cta-type-all uagb-infobox-icon-above-title uagb-infobox-image-valign-top\"><a href=\"https:\/\/taula.eus\/es\/jaiak\/\" class=\"uagb-infobox-link-wrap uagb-infbox__link-to-all\" target=\"_self\" aria-label=\"Infobox Link\" rel=\"noopener noreferrer\" onclick=\"return true;\"><\/a><div class=\"uagb-ifb-content\"><div class=\"uagb-ifb-title-wrap\"><\/div><div class=\"uagb-ifb-button-wrapper wp-block-button\"><\/div><\/div><\/div>\n<\/div>\n\n\n\n<p><\/p>\n<\/div>\n<\/div>\n<\/div>\n<\/div><\/div>\n\n\n\n<div class=\"wp-block-uagb-container uagb-block-6b5bf9db alignfull uagb-is-root-container\"><div class=\"uagb-container-inner-blocks-wrap\">\n<div class=\"wp-block-columns is-layout-flex wp-container-core-columns-is-layout-28f84493 wp-block-columns-is-layout-flex\">\n<div class=\"wp-block-column is-layout-flow wp-block-column-is-layout-flow\">\n<div class=\"wp-block-uagb-info-box uagb-block-18530ba1 uagb-infobox__content-wrap  uagb-infobox-icon-above-title uagb-infobox-image-valign-top\"><div class=\"uagb-ifb-content\"><div class=\"uagb-ifb-title-wrap\"><h3 class=\"uagb-ifb-title\">\u00bfTienes alguna propuesta?<\/h3><\/div><p class=\"uagb-ifb-desc translation-block\">\u00bfTienes alguna propuesta de <strong>ocio y tiempo libre<\/strong> o necesitas informaci\u00f3n y no la has encontrado?<br>Contacta conmigo.<\/p><\/div><\/div>\n<\/div>\n<\/div>\n\n\n\n<ul class=\"wp-block-social-links is-content-justification-center is-layout-flex wp-container-core-social-links-is-layout-a89b3969 wp-block-social-links-is-layout-flex\"><li class=\"wp-social-link wp-social-link-mail  wp-block-social-link\"><a href=\"mailto:&#109;a&#105;&#116;&#101;&#064;&#116;a&#117;l&#097;&#046;e&#117;s\" class=\"wp-block-social-link-anchor\"><svg width=\"24\" height=\"24\" viewbox=\"0 0 24 24\" version=\"1.1\" xmlns=\"http:\/\/www.w3.org\/2000\/svg\" aria-hidden=\"true\" focusable=\"false\"><path d=\"M19,5H5c-1.1,0-2,.9-2,2v10c0,1.1.9,2,2,2h14c1.1,0,2-.9,2-2V7c0-1.1-.9-2-2-2zm.5,12c0,.3-.2.5-.5.5H5c-.3,0-.5-.2-.5-.5V9.8l7.5,5.6,7.5-5.6V17zm0-9.1L12,13.6,4.5,7.9V7c0-.3.2-.5.5-.5h14c.3,0,.5.2.5.5v.9z\"><\/path><\/svg><span class=\"wp-block-social-link-label screen-reader-text\">maite@taula.eus<\/span><\/a><\/li><\/ul>\n\n\n\n<h4 class=\"wp-block-heading has-text-align-center\">Maite Lopez<\/h4>\n<\/div><\/div>","protected":false},"excerpt":{"rendered":"<p>ekitaldiak eta aisialdia zer egiten dugu? Ekitaldi eta aisialdi proiektu apartak sortu eta ekoizten ditugu. Plangintzatik hasi eta gauzatzera arte, gure taldeak gaitasun handia du xehetasun bakoitzaz arduratzeko. Gainera, administrazio-kudeaketaz arduratzen gara, baimenak eta dirulaguntzak barne. Utzi zure bazkide fidagarria izaten ikus-entzunezkoen munduan. KUDEAKETA Guk kudeatuko dugu zure ideia. EKOIZPENA Zure taldea gara. ADMINISTRAZIOA Guk [&hellip;]<\/p>\n","protected":false},"author":1,"featured_media":0,"parent":0,"menu_order":0,"comment_status":"closed","ping_status":"closed","template":"","meta":{"_uag_custom_page_level_css":"","site-sidebar-layout":"no-sidebar","site-content-layout":"plain-container","ast-site-content-layout":"normal-width-container","site-content-style":"unboxed","site-sidebar-style":"unboxed","ast-global-header-display":"","ast-banner-title-visibility":"","ast-main-header-display":"","ast-hfb-above-header-display":"","ast-hfb-below-header-display":"","ast-hfb-mobile-header-display":"","site-post-title":"disabled","ast-breadcrumbs-content":"","ast-featured-img":"","footer-sml-layout":"","ast-disable-related-posts":"","theme-transparent-header-meta":"enabled","adv-header-id-meta":"","stick-header-meta":"","header-above-stick-meta":"","header-main-stick-meta":"","header-below-stick-meta":"","astra-migrate-meta-layouts":"set","ast-page-background-enabled":"default","ast-page-background-meta":{"desktop":{"background-color":"","background-image":"","background-repeat":"repeat","background-position":"center center","background-size":"auto","background-attachment":"scroll","background-type":"","background-media":"","overlay-type":"","overlay-color":"","overlay-opacity":"","overlay-gradient":""},"tablet":{"background-color":"","background-image":"","background-repeat":"repeat","background-position":"center center","background-size":"auto","background-attachment":"scroll","background-type":"","background-media":"","overlay-type":"","overlay-color":"","overlay-opacity":"","overlay-gradient":""},"mobile":{"background-color":"","background-image":"","background-repeat":"repeat","background-position":"center center","background-size":"auto","background-attachment":"scroll","background-type":"","background-media":"","overlay-type":"","overlay-color":"","overlay-opacity":"","overlay-gradient":""}},"ast-content-background-meta":{"desktop":{"background-color":"var(--ast-global-color-5)","background-image":"","background-repeat":"repeat","background-position":"center center","background-size":"auto","background-attachment":"scroll","background-type":"","background-media":"","overlay-type":"","overlay-color":"","overlay-opacity":"","overlay-gradient":""},"tablet":{"background-color":"var(--ast-global-color-5)","background-image":"","background-repeat":"repeat","background-position":"center center","background-size":"auto","background-attachment":"scroll","background-type":"","background-media":"","overlay-type":"","overlay-color":"","overlay-opacity":"","overlay-gradient":""},"mobile":{"background-color":"var(--ast-global-color-5)","background-image":"","background-repeat":"repeat","background-position":"center center","background-size":"auto","background-attachment":"scroll","background-type":"","background-media":"","overlay-type":"","overlay-color":"","overlay-opacity":"","overlay-gradient":""}},"_mc_calendar":[],"footnotes":""},"class_list":["post-846","page","type-page","status-publish","hentry"],"uagb_featured_image_src":{"full":false,"thumbnail":false,"medium":false,"medium_large":false,"large":false,"1536x1536":false,"2048x2048":false,"trp-custom-language-flag":false},"uagb_author_info":{"display_name":"Markel Ganboa","author_link":"https:\/\/taula.eus\/es\/author\/admin\/"},"uagb_comment_info":0,"uagb_excerpt":"ekitaldiak eta aisialdia zer egiten dugu? Ekitaldi eta aisialdi proiektu apartak sortu eta ekoizten ditugu. Plangintzatik hasi eta gauzatzera arte, gure taldeak gaitasun handia du xehetasun bakoitzaz arduratzeko. Gainera, administrazio-kudeaketaz arduratzen gara, baimenak eta dirulaguntzak barne. Utzi zure bazkide fidagarria izaten ikus-entzunezkoen munduan. KUDEAKETA Guk kudeatuko dugu zure ideia. EKOIZPENA Zure taldea gara. ADMINISTRAZIOA Guk&hellip;","_links":{"self":[{"href":"https:\/\/taula.eus\/es\/wp-json\/wp\/v2\/pages\/846","targetHints":{"allow":["GET"]}}],"collection":[{"href":"https:\/\/taula.eus\/es\/wp-json\/wp\/v2\/pages"}],"about":[{"href":"https:\/\/taula.eus\/es\/wp-json\/wp\/v2\/types\/page"}],"author":[{"embeddable":true,"href":"https:\/\/taula.eus\/es\/wp-json\/wp\/v2\/users\/1"}],"replies":[{"embeddable":true,"href":"https:\/\/taula.eus\/es\/wp-json\/wp\/v2\/comments?post=846"}],"version-history":[{"count":19,"href":"https:\/\/taula.eus\/es\/wp-json\/wp\/v2\/pages\/846\/revisions"}],"predecessor-version":[{"id":1290,"href":"https:\/\/taula.eus\/es\/wp-json\/wp\/v2\/pages\/846\/revisions\/1290"}],"wp:attachment":[{"href":"https:\/\/taula.eus\/es\/wp-json\/wp\/v2\/media?parent=846"}],"curies":[{"name":"wp","href":"https:\/\/api.w.org\/{rel}","templated":true}]}}